{"id":13546,"date":"2025-12-16T19:19:57","date_gmt":"2025-12-16T17:19:57","guid":{"rendered":"https:\/\/ursus.ee\/toode\/kuunelakieemaldi-atsetoonivaba\/"},"modified":"2026-03-27T16:24:27","modified_gmt":"2026-03-27T14:24:27","slug":"kuunelakieemaldi-atsetoonivaba","status":"publish","type":"product","link":"https:\/\/ursus.ee\/en\/toode\/kuunelakieemaldi-atsetoonivaba\/","title":{"rendered":"K\u00fc\u00fcnelakieemaldi atsetoonivaba"},"content":{"rendered":"<p>Atsetoonivaba k\u00fc\u00fcnelakieemaldi eemaldab k\u00fc\u00fcnelaki efektiivselt ja \u00f5rnalt naturaalsetelt v\u00f5i kunstk\u00fc\u00fcntelt. Puhastab p\u00f5hjalikult k\u00fc\u00fcnepinna ning valmistab ette uueks k\u00fc\u00fcnelaki pealekandmise korraks.<\/p>\n","protected":false},"excerpt":{"rendered":"<p>Atsetoonivaba k\u00fc\u00fcnelakieemaldi eemaldab k\u00fc\u00fcnelaki efektiivselt ja \u00f5rnalt naturaalsetelt v\u00f5i kunstk\u00fc\u00fcntelt. Puhastab p\u00f5hjalikult k\u00fc\u00fcnepinna ning valmistab ette uueks k\u00fc\u00fcnelaki pealekandmise korraks.<\/p>\n","protected":false},"featured_media":13547,"comment_status":"closed","ping_status":"open","template":"","meta":{"_acf_changed":false},"product_brand":[614],"product_cat":[244,507],"product_tag":[],"class_list":{"0":"post-13546","1":"product","2":"type-product","3":"status-publish","4":"has-post-thumbnail","6":"product_brand-casatrend","7":"product_cat-kehahooldus","8":"product_cat-kate-ja-jalahooldus","9":"pa_kogus-200-ml","10":"pa_paritolumaa-leedu","11":"pa_uhik-ml","13":"first","14":"instock","15":"purchasable","16":"product-type-simple"},"acf":[],"_links":{"self":[{"href":"https:\/\/ursus.ee\/en\/wp-json\/wp\/v2\/product\/13546","targetHints":{"allow":["GET"]}}],"collection":[{"href":"https:\/\/ursus.ee\/en\/wp-json\/wp\/v2\/product"}],"about":[{"href":"https:\/\/ursus.ee\/en\/wp-json\/wp\/v2\/types\/product"}],"replies":[{"embeddable":true,"href":"https:\/\/ursus.ee\/en\/wp-json\/wp\/v2\/comments?post=13546"}],"wp:featuredmedia":[{"embeddable":true,"href":"https:\/\/ursus.ee\/en\/wp-json\/wp\/v2\/media\/13547"}],"wp:attachment":[{"href":"https:\/\/ursus.ee\/en\/wp-json\/wp\/v2\/media?parent=13546"}],"wp:term":[{"taxonomy":"product_brand","embeddable":true,"href":"https:\/\/ursus.ee\/en\/wp-json\/wp\/v2\/product_brand?post=13546"},{"taxonomy":"product_cat","embeddable":true,"href":"https:\/\/ursus.ee\/en\/wp-json\/wp\/v2\/product_cat?post=13546"},{"taxonomy":"product_tag","embeddable":true,"href":"https:\/\/ursus.ee\/en\/wp-json\/wp\/v2\/product_tag?post=13546"}],"curies":[{"name":"wp","href":"https:\/\/api.w.org\/{rel}","templated":true}]}}