{"id":13541,"date":"2025-12-16T19:19:57","date_gmt":"2025-12-16T17:19:57","guid":{"rendered":"https:\/\/ursus.ee\/toode\/villiplaaster-foot-care\/"},"modified":"2026-03-27T16:26:55","modified_gmt":"2026-03-27T14:26:55","slug":"villiplaaster-foot-care","status":"publish","type":"product","link":"https:\/\/ursus.ee\/en\/toode\/villiplaaster-foot-care\/","title":{"rendered":"Villiplaaster Foot Care"},"content":{"rendered":"<p>Villiplaastrid kiirendavad valulike villide paranemisprotsessi ja leevendavad h\u00f5\u00f5rdumisest tulenevat ebamugavustunnet.<br \/>\nVilliplaastrite spetsiaalne h\u00fcdrokolloidne haavapadjand loob  keskkonna, mis soodustab haavade kiiremat paranemist. Leevendavad valu ja h\u00f5\u00f5rdumist: Plaastrid kaitsevad villi edasise h\u00f5\u00f5rdumise eest, v\u00e4hendavad valu ja leevendavad ebamugavust. Suurep\u00e4rane sobivus: madalate servadega plaastrid sobituvad h\u00e4sti erinevatele jalalaba osadele. \u00d5rnad nahale: Dermatoloogiliselt testitud, ei \u00e4rrita nahka. Veekindlad: P\u00fcsivad peal ka ujumise ja du\u0161iv\u00f5tmise ajal. Pakendis 6 erinevas m\u00f5\u00f5dus villiplaastrit: 2 tk (18&#215;61 mm), 2 tk (37&#215;55 mm), 2 tk (42&#215;62 mm). Toode omab meditsiiniseadme klassifikatsiooni (IIa klassi meditsiiniseade), pakendatud steriilselt.<\/p>\n","protected":false},"excerpt":{"rendered":"<p>Villiplaastrid kiirendavad valulike villide paranemisprotsessi ja leevendavad h\u00f5\u00f5rdumisest tulenevat ebamugavustunnet. Villiplaastrite spetsiaalne h\u00fcdrokolloidne haavapadjand loob keskkonna, mis soodustab haavade kiiremat paranemist. Leevendavad valu ja h\u00f5\u00f5rdumist: Plaastrid kaitsevad villi edasise h\u00f5\u00f5rdumise eest, v\u00e4hendavad valu ja leevendavad ebamugavust. Suurep\u00e4rane sobivus: madalate servadega plaastrid sobituvad h\u00e4sti erinevatele jalalaba osadele. \u00d5rnad nahale: Dermatoloogiliselt testitud, ei \u00e4rrita nahka. Veekindlad: P\u00fcsivad<\/p>\n","protected":false},"featured_media":13542,"comment_status":"closed","ping_status":"open","template":"","meta":{"_acf_changed":false},"product_brand":[606],"product_cat":[244,518],"product_tag":[],"class_list":{"0":"post-13541","1":"product","2":"type-product","3":"status-publish","4":"has-post-thumbnail","6":"product_brand-hartmann","7":"product_cat-kehahooldus","8":"product_cat-tervisetooted","9":"pa_kogus-6-tk","10":"pa_paritolumaa-saksamaa","11":"pa_uhik-tk","13":"first","14":"instock","15":"purchasable","16":"product-type-simple"},"acf":[],"_links":{"self":[{"href":"https:\/\/ursus.ee\/en\/wp-json\/wp\/v2\/product\/13541","targetHints":{"allow":["GET"]}}],"collection":[{"href":"https:\/\/ursus.ee\/en\/wp-json\/wp\/v2\/product"}],"about":[{"href":"https:\/\/ursus.ee\/en\/wp-json\/wp\/v2\/types\/product"}],"replies":[{"embeddable":true,"href":"https:\/\/ursus.ee\/en\/wp-json\/wp\/v2\/comments?post=13541"}],"wp:featuredmedia":[{"embeddable":true,"href":"https:\/\/ursus.ee\/en\/wp-json\/wp\/v2\/media\/13542"}],"wp:attachment":[{"href":"https:\/\/ursus.ee\/en\/wp-json\/wp\/v2\/media?parent=13541"}],"wp:term":[{"taxonomy":"product_brand","embeddable":true,"href":"https:\/\/ursus.ee\/en\/wp-json\/wp\/v2\/product_brand?post=13541"},{"taxonomy":"product_cat","embeddable":true,"href":"https:\/\/ursus.ee\/en\/wp-json\/wp\/v2\/product_cat?post=13541"},{"taxonomy":"product_tag","embeddable":true,"href":"https:\/\/ursus.ee\/en\/wp-json\/wp\/v2\/product_tag?post=13541"}],"curies":[{"name":"wp","href":"https:\/\/api.w.org\/{rel}","templated":true}]}}