{"id":13537,"date":"2025-12-16T19:17:46","date_gmt":"2025-12-16T17:17:46","guid":{"rendered":"https:\/\/ursus.ee\/toode\/haavaplaaster-essential-care-elastic\/"},"modified":"2026-03-27T16:26:55","modified_gmt":"2026-03-27T14:26:55","slug":"haavaplaaster-essential-care-elastic","status":"publish","type":"product","link":"https:\/\/ursus.ee\/en\/toode\/haavaplaaster-essential-care-elastic\/","title":{"rendered":"Haavaplaaster Essential Care Elastic"},"content":{"rendered":"<p>Elastsed haavaplaastrid 20tk.<br \/>\nElastsed ja \u00f5hku l\u00e4bilaskvad haavaplaastrid on ideaalsed v\u00e4iksemate haavade hooldamiseks aktiivse elustiiliga inimestele. Kindlalt kleepuv plaaster p\u00fcsib nahal ka aktiivse liikumise korral. Pehme ja mugav, ei \u00e4rrita nahka. Dermatoloogiliselt testitud. Plaastri v\u00e4rvus v\u00e4hem\u00e4rgatav nahatooni bee\u017e. Pakendis 20 h\u00e4stikleepuvat haavaplaastrit kahes erinevas m\u00f5\u00f5dus: 12 tk (19 x 72 mm), 8 tk (25 x 72 mm). Toode omab meditsiiniseadme klassifikatsiooni (I klassi meditsiiniseade).<\/p>\n","protected":false},"excerpt":{"rendered":"<p>Elastsed haavaplaastrid 20tk. Elastsed ja \u00f5hku l\u00e4bilaskvad haavaplaastrid on ideaalsed v\u00e4iksemate haavade hooldamiseks aktiivse elustiiliga inimestele. Kindlalt kleepuv plaaster p\u00fcsib nahal ka aktiivse liikumise korral. Pehme ja mugav, ei \u00e4rrita nahka. Dermatoloogiliselt testitud. Plaastri v\u00e4rvus v\u00e4hem\u00e4rgatav nahatooni bee\u017e. Pakendis 20 h\u00e4stikleepuvat haavaplaastrit kahes erinevas m\u00f5\u00f5dus: 12 tk (19 x 72 mm), 8 tk (25 x<\/p>\n","protected":false},"featured_media":13538,"comment_status":"closed","ping_status":"open","template":"","meta":{"_acf_changed":false},"product_brand":[606],"product_cat":[244,518],"product_tag":[],"class_list":{"0":"post-13537","1":"product","2":"type-product","3":"status-publish","4":"has-post-thumbnail","6":"product_brand-hartmann","7":"product_cat-kehahooldus","8":"product_cat-tervisetooted","9":"pa_kogus-20-tk","10":"pa_paritolumaa-saksamaa","11":"pa_uhik-tk","13":"first","14":"instock","15":"purchasable","16":"product-type-simple"},"acf":[],"_links":{"self":[{"href":"https:\/\/ursus.ee\/en\/wp-json\/wp\/v2\/product\/13537","targetHints":{"allow":["GET"]}}],"collection":[{"href":"https:\/\/ursus.ee\/en\/wp-json\/wp\/v2\/product"}],"about":[{"href":"https:\/\/ursus.ee\/en\/wp-json\/wp\/v2\/types\/product"}],"replies":[{"embeddable":true,"href":"https:\/\/ursus.ee\/en\/wp-json\/wp\/v2\/comments?post=13537"}],"wp:featuredmedia":[{"embeddable":true,"href":"https:\/\/ursus.ee\/en\/wp-json\/wp\/v2\/media\/13538"}],"wp:attachment":[{"href":"https:\/\/ursus.ee\/en\/wp-json\/wp\/v2\/media?parent=13537"}],"wp:term":[{"taxonomy":"product_brand","embeddable":true,"href":"https:\/\/ursus.ee\/en\/wp-json\/wp\/v2\/product_brand?post=13537"},{"taxonomy":"product_cat","embeddable":true,"href":"https:\/\/ursus.ee\/en\/wp-json\/wp\/v2\/product_cat?post=13537"},{"taxonomy":"product_tag","embeddable":true,"href":"https:\/\/ursus.ee\/en\/wp-json\/wp\/v2\/product_tag?post=13537"}],"curies":[{"name":"wp","href":"https:\/\/api.w.org\/{rel}","templated":true}]}}