{"id":13531,"date":"2025-12-16T19:17:46","date_gmt":"2025-12-16T17:17:46","guid":{"rendered":"https:\/\/ursus.ee\/toode\/haavaplaaster-lastele-essential-care-kids\/"},"modified":"2026-03-27T16:26:55","modified_gmt":"2026-03-27T14:26:55","slug":"haavaplaaster-lastele-essential-care-kids","status":"publish","type":"product","link":"https:\/\/ursus.ee\/en\/toode\/haavaplaaster-lastele-essential-care-kids\/","title":{"rendered":"Haavaplaaster lastele Essential Care Kids"},"content":{"rendered":"<p>L\u00f5busad haavaplaastrid v\u00e4ikestele seiklejatele! V\u00e4rviliste ja l\u00f5busate lastemotiividega haavaplaastrid muudavad haavade paranemise m\u00e4nguks. Plaastrid on vee- ja mustusekindlad ning p\u00fcsivad peal ka m\u00e4ngu ajal ning ujumisel. \u00d5rnad nahale: Dermatoloogiliselt testitud, ei \u00e4rrita ka k\u00f5ige tundlikumat nahka. Lihtne kasutada: ideaalse kujuga v\u00e4ikeste k\u00e4te jaoks. Valmistatud lastele ohututest materjalidest. Pakendis 20 h\u00e4stikleepuvat haavaplaastrit kahes erinevas m\u00f5\u00f5dus: 12 tk (19 x 56 mm), 8 tk (19 x 72 mm). Toode omab meditsiiniseadme klassifikatsiooni (I klassi meditsiiniseade).<\/p>\n","protected":false},"excerpt":{"rendered":"<p>L\u00f5busad haavaplaastrid v\u00e4ikestele seiklejatele! V\u00e4rviliste ja l\u00f5busate lastemotiividega haavaplaastrid muudavad haavade paranemise m\u00e4nguks. Plaastrid on vee- ja mustusekindlad ning p\u00fcsivad peal ka m\u00e4ngu ajal ning ujumisel. \u00d5rnad nahale: Dermatoloogiliselt testitud, ei \u00e4rrita ka k\u00f5ige tundlikumat nahka. Lihtne kasutada: ideaalse kujuga v\u00e4ikeste k\u00e4te jaoks. Valmistatud lastele ohututest materjalidest. Pakendis 20 h\u00e4stikleepuvat haavaplaastrit kahes erinevas m\u00f5\u00f5dus: 12<\/p>\n","protected":false},"featured_media":13532,"comment_status":"closed","ping_status":"open","template":"","meta":{"_acf_changed":false},"product_brand":[606],"product_cat":[244,518],"product_tag":[],"class_list":{"0":"post-13531","1":"product","2":"type-product","3":"status-publish","4":"has-post-thumbnail","6":"product_brand-hartmann","7":"product_cat-kehahooldus","8":"product_cat-tervisetooted","9":"pa_kogus-20-tk","10":"pa_paritolumaa-saksamaa","11":"pa_uhik-tk","13":"first","14":"instock","15":"purchasable","16":"product-type-simple"},"acf":[],"_links":{"self":[{"href":"https:\/\/ursus.ee\/en\/wp-json\/wp\/v2\/product\/13531","targetHints":{"allow":["GET"]}}],"collection":[{"href":"https:\/\/ursus.ee\/en\/wp-json\/wp\/v2\/product"}],"about":[{"href":"https:\/\/ursus.ee\/en\/wp-json\/wp\/v2\/types\/product"}],"replies":[{"embeddable":true,"href":"https:\/\/ursus.ee\/en\/wp-json\/wp\/v2\/comments?post=13531"}],"wp:featuredmedia":[{"embeddable":true,"href":"https:\/\/ursus.ee\/en\/wp-json\/wp\/v2\/media\/13532"}],"wp:attachment":[{"href":"https:\/\/ursus.ee\/en\/wp-json\/wp\/v2\/media?parent=13531"}],"wp:term":[{"taxonomy":"product_brand","embeddable":true,"href":"https:\/\/ursus.ee\/en\/wp-json\/wp\/v2\/product_brand?post=13531"},{"taxonomy":"product_cat","embeddable":true,"href":"https:\/\/ursus.ee\/en\/wp-json\/wp\/v2\/product_cat?post=13531"},{"taxonomy":"product_tag","embeddable":true,"href":"https:\/\/ursus.ee\/en\/wp-json\/wp\/v2\/product_tag?post=13531"}],"curies":[{"name":"wp","href":"https:\/\/api.w.org\/{rel}","templated":true}]}}