{"id":13528,"date":"2025-12-16T19:17:46","date_gmt":"2025-12-16T17:17:46","guid":{"rendered":"https:\/\/ursus.ee\/toode\/haavaplaaster-essential-care-veekindel-valik\/"},"modified":"2026-03-27T16:26:55","modified_gmt":"2026-03-27T14:26:55","slug":"haavaplaaster-essential-care-veekindel-valik","status":"publish","type":"product","link":"https:\/\/ursus.ee\/en\/toode\/haavaplaaster-essential-care-veekindel-valik\/","title":{"rendered":"Haavaplaaster Essential Care veekindel valik"},"content":{"rendered":"<p>Veekindlad haavaplaastrid igap\u00e4evaseks kasutamiseks 40tk.<br \/>\nVeekindlad haavaplaastrid on ideaalne valik v\u00e4iksemate haavade igap\u00e4evaseks hooldamiseks. Plaastrid p\u00fcsivad kindlalt peal ka du\u0161i all, ujumise ajal ja muudes aktiivsetes tegevustes. Vee- ja mustusekindlad: Kaitsevad haava niiskuse ja mustuse eest. \u00d5rnad nahale: Dermatoloogiliselt testitud, ei \u00e4rrita nahka. Pakendis 40 h\u00e4stikleepuvat haavaplaastrit neljas erinevas m\u00f5\u00f5dus erinevate haavade jaoks: 10 tk (19&#215;72 mm), 10 tk (25&#215;72 mm), 8 tk (30&#215;72 mm), 7 tk (40&#215;10 mm). Plaastri v\u00e4rvus v\u00e4hem\u00e4rgatav nahatooni bee\u017e. Toode omab meditsiiniseadme klassifikatsiooni (I klassi meditsiiniseade).<\/p>\n","protected":false},"excerpt":{"rendered":"<p>Veekindlad haavaplaastrid igap\u00e4evaseks kasutamiseks 40tk. Veekindlad haavaplaastrid on ideaalne valik v\u00e4iksemate haavade igap\u00e4evaseks hooldamiseks. Plaastrid p\u00fcsivad kindlalt peal ka du\u0161i all, ujumise ajal ja muudes aktiivsetes tegevustes. Vee- ja mustusekindlad: Kaitsevad haava niiskuse ja mustuse eest. \u00d5rnad nahale: Dermatoloogiliselt testitud, ei \u00e4rrita nahka. Pakendis 40 h\u00e4stikleepuvat haavaplaastrit neljas erinevas m\u00f5\u00f5dus erinevate haavade jaoks: 10 tk<\/p>\n","protected":false},"featured_media":13529,"comment_status":"closed","ping_status":"open","template":"","meta":{"_acf_changed":false},"product_brand":[606],"product_cat":[244,518],"product_tag":[],"class_list":{"0":"post-13528","1":"product","2":"type-product","3":"status-publish","4":"has-post-thumbnail","6":"product_brand-hartmann","7":"product_cat-kehahooldus","8":"product_cat-tervisetooted","9":"pa_kogus-40-tk","10":"pa_paritolumaa-saksamaa","11":"pa_uhik-tk","13":"first","14":"instock","15":"purchasable","16":"product-type-simple"},"acf":[],"_links":{"self":[{"href":"https:\/\/ursus.ee\/en\/wp-json\/wp\/v2\/product\/13528","targetHints":{"allow":["GET"]}}],"collection":[{"href":"https:\/\/ursus.ee\/en\/wp-json\/wp\/v2\/product"}],"about":[{"href":"https:\/\/ursus.ee\/en\/wp-json\/wp\/v2\/types\/product"}],"replies":[{"embeddable":true,"href":"https:\/\/ursus.ee\/en\/wp-json\/wp\/v2\/comments?post=13528"}],"wp:featuredmedia":[{"embeddable":true,"href":"https:\/\/ursus.ee\/en\/wp-json\/wp\/v2\/media\/13529"}],"wp:attachment":[{"href":"https:\/\/ursus.ee\/en\/wp-json\/wp\/v2\/media?parent=13528"}],"wp:term":[{"taxonomy":"product_brand","embeddable":true,"href":"https:\/\/ursus.ee\/en\/wp-json\/wp\/v2\/product_brand?post=13528"},{"taxonomy":"product_cat","embeddable":true,"href":"https:\/\/ursus.ee\/en\/wp-json\/wp\/v2\/product_cat?post=13528"},{"taxonomy":"product_tag","embeddable":true,"href":"https:\/\/ursus.ee\/en\/wp-json\/wp\/v2\/product_tag?post=13528"}],"curies":[{"name":"wp","href":"https:\/\/api.w.org\/{rel}","templated":true}]}}