{"id":13525,"date":"2025-12-16T19:17:46","date_gmt":"2025-12-16T17:17:46","guid":{"rendered":"https:\/\/ursus.ee\/toode\/haavaplaaster-essential-care-ultrasensitive\/"},"modified":"2026-03-27T16:26:55","modified_gmt":"2026-03-27T14:26:55","slug":"haavaplaaster-essential-care-ultrasensitive","status":"publish","type":"product","link":"https:\/\/ursus.ee\/en\/toode\/haavaplaaster-essential-care-ultrasensitive\/","title":{"rendered":"Haavaplaaster Essential Care Ultrasensitive"},"content":{"rendered":"<p>Eriti \u00f5rnale ja tundlikule nahale sobivad perforeeritud tekstiiliga haavaplaastrid 10tk.<br \/>\nEriti \u00f5rnad \u00f5hku l\u00e4bilaskvad ja nahas\u00f5bralikud haavaplaastrid on loodud spetsiaalselt tundliku naha hoolduseks. Plaastrit on v\u00f5imalik \u00fcmber paigutada ja valuvabalt eemaldada t\u00e4nu plaastri silikoonliimile. Pehme ja mugav materjal tagab haava kaitse ning ei \u00e4rrita isegi k\u00f5ige tundlikumat nahka. Dermatoloogiliselt testitud. Plaastri v\u00e4rvus valge. Pakendis 10 h\u00e4stikleepuvat haavaplaastrit kolmes erinevas m\u00f5\u00f5dus: 2 tk (25 x 72 mm), 2 tk (38 x 38 mm), 6 tk (50 x 72mm). Toode omab meditsiiniseadme klassifikatsiooni (I klassi meditsiiniseade).<\/p>\n","protected":false},"excerpt":{"rendered":"<p>Eriti \u00f5rnale ja tundlikule nahale sobivad perforeeritud tekstiiliga haavaplaastrid 10tk. Eriti \u00f5rnad \u00f5hku l\u00e4bilaskvad ja nahas\u00f5bralikud haavaplaastrid on loodud spetsiaalselt tundliku naha hoolduseks. Plaastrit on v\u00f5imalik \u00fcmber paigutada ja valuvabalt eemaldada t\u00e4nu plaastri silikoonliimile. Pehme ja mugav materjal tagab haava kaitse ning ei \u00e4rrita isegi k\u00f5ige tundlikumat nahka. Dermatoloogiliselt testitud. Plaastri v\u00e4rvus valge. Pakendis 10<\/p>\n","protected":false},"featured_media":13526,"comment_status":"closed","ping_status":"open","template":"","meta":{"_acf_changed":false},"product_brand":[606],"product_cat":[244,518],"product_tag":[],"class_list":{"0":"post-13525","1":"product","2":"type-product","3":"status-publish","4":"has-post-thumbnail","6":"product_brand-hartmann","7":"product_cat-kehahooldus","8":"product_cat-tervisetooted","9":"pa_kogus-10-tk","10":"pa_paritolumaa-saksamaa","11":"pa_uhik-tk","13":"first","14":"instock","15":"purchasable","16":"product-type-simple"},"acf":[],"_links":{"self":[{"href":"https:\/\/ursus.ee\/en\/wp-json\/wp\/v2\/product\/13525","targetHints":{"allow":["GET"]}}],"collection":[{"href":"https:\/\/ursus.ee\/en\/wp-json\/wp\/v2\/product"}],"about":[{"href":"https:\/\/ursus.ee\/en\/wp-json\/wp\/v2\/types\/product"}],"replies":[{"embeddable":true,"href":"https:\/\/ursus.ee\/en\/wp-json\/wp\/v2\/comments?post=13525"}],"wp:featuredmedia":[{"embeddable":true,"href":"https:\/\/ursus.ee\/en\/wp-json\/wp\/v2\/media\/13526"}],"wp:attachment":[{"href":"https:\/\/ursus.ee\/en\/wp-json\/wp\/v2\/media?parent=13525"}],"wp:term":[{"taxonomy":"product_brand","embeddable":true,"href":"https:\/\/ursus.ee\/en\/wp-json\/wp\/v2\/product_brand?post=13525"},{"taxonomy":"product_cat","embeddable":true,"href":"https:\/\/ursus.ee\/en\/wp-json\/wp\/v2\/product_cat?post=13525"},{"taxonomy":"product_tag","embeddable":true,"href":"https:\/\/ursus.ee\/en\/wp-json\/wp\/v2\/product_tag?post=13525"}],"curies":[{"name":"wp","href":"https:\/\/api.w.org\/{rel}","templated":true}]}}