{"id":13522,"date":"2025-12-16T19:17:46","date_gmt":"2025-12-16T17:17:46","guid":{"rendered":"https:\/\/ursus.ee\/toode\/haavaplaaster-essential-care-veekindel\/"},"modified":"2026-03-27T16:26:55","modified_gmt":"2026-03-27T14:26:55","slug":"haavaplaaster-essential-care-veekindel","status":"publish","type":"product","link":"https:\/\/ursus.ee\/en\/toode\/haavaplaaster-essential-care-veekindel\/","title":{"rendered":"Haavaplaaster Essential Care veekindel"},"content":{"rendered":"<p>Veekindlad l\u00e4bipaistvad haavaplaastrid igap\u00e4evaseks kasutamiseks 10tk.<br \/>\nL\u00e4bipaistvad veekindlad haavaplaastrid on ideaalne valik v\u00e4iksemate haavade igap\u00e4evaseks hooldamiseks. Plaastrid p\u00fcsivad kindlalt peal ka du\u0161i all, ujumise ajal ja muudes aktiivsetes tegevustes. Vee- ja mustusekindlad: Kaitsevad haava niiskuse ja mustuse eest. \u00d5rnad nahale: Dermatoloogiliselt testitud, ei \u00e4rrita nahka. Pakendis 10 h\u00e4stikleepuvat haavaplaastrit \u00fches m\u00f5\u00f5dus (19&#215;72 mm). Plaastri v\u00e4rvus v\u00e4hem\u00e4rgatav l\u00e4bipaistev. Toode omab meditsiiniseadme klassifikatsiooni (I klassi meditsiiniseade).<\/p>\n","protected":false},"excerpt":{"rendered":"<p>Veekindlad l\u00e4bipaistvad haavaplaastrid igap\u00e4evaseks kasutamiseks 10tk. L\u00e4bipaistvad veekindlad haavaplaastrid on ideaalne valik v\u00e4iksemate haavade igap\u00e4evaseks hooldamiseks. Plaastrid p\u00fcsivad kindlalt peal ka du\u0161i all, ujumise ajal ja muudes aktiivsetes tegevustes. Vee- ja mustusekindlad: Kaitsevad haava niiskuse ja mustuse eest. \u00d5rnad nahale: Dermatoloogiliselt testitud, ei \u00e4rrita nahka. Pakendis 10 h\u00e4stikleepuvat haavaplaastrit \u00fches m\u00f5\u00f5dus (19&#215;72 mm). Plaastri v\u00e4rvus<\/p>\n","protected":false},"featured_media":13523,"comment_status":"closed","ping_status":"open","template":"","meta":{"_acf_changed":false},"product_brand":[606],"product_cat":[244,518],"product_tag":[],"class_list":{"0":"post-13522","1":"product","2":"type-product","3":"status-publish","4":"has-post-thumbnail","6":"product_brand-hartmann","7":"product_cat-kehahooldus","8":"product_cat-tervisetooted","9":"pa_kogus-10-tk","10":"pa_paritolumaa-saksamaa","11":"pa_uhik-tk","13":"first","14":"instock","15":"purchasable","16":"product-type-simple"},"acf":[],"_links":{"self":[{"href":"https:\/\/ursus.ee\/en\/wp-json\/wp\/v2\/product\/13522","targetHints":{"allow":["GET"]}}],"collection":[{"href":"https:\/\/ursus.ee\/en\/wp-json\/wp\/v2\/product"}],"about":[{"href":"https:\/\/ursus.ee\/en\/wp-json\/wp\/v2\/types\/product"}],"replies":[{"embeddable":true,"href":"https:\/\/ursus.ee\/en\/wp-json\/wp\/v2\/comments?post=13522"}],"wp:featuredmedia":[{"embeddable":true,"href":"https:\/\/ursus.ee\/en\/wp-json\/wp\/v2\/media\/13523"}],"wp:attachment":[{"href":"https:\/\/ursus.ee\/en\/wp-json\/wp\/v2\/media?parent=13522"}],"wp:term":[{"taxonomy":"product_brand","embeddable":true,"href":"https:\/\/ursus.ee\/en\/wp-json\/wp\/v2\/product_brand?post=13522"},{"taxonomy":"product_cat","embeddable":true,"href":"https:\/\/ursus.ee\/en\/wp-json\/wp\/v2\/product_cat?post=13522"},{"taxonomy":"product_tag","embeddable":true,"href":"https:\/\/ursus.ee\/en\/wp-json\/wp\/v2\/product_tag?post=13522"}],"curies":[{"name":"wp","href":"https:\/\/api.w.org\/{rel}","templated":true}]}}