{"id":13520,"date":"2025-12-16T19:17:46","date_gmt":"2025-12-16T17:17:46","guid":{"rendered":"https:\/\/ursus.ee\/toode\/meigieemalduspadjad-olivabad\/"},"modified":"2026-04-04T12:06:47","modified_gmt":"2026-04-04T09:06:47","slug":"meigieemalduspadjad-olivabad","status":"publish","type":"product","link":"https:\/\/ursus.ee\/en\/toode\/meigieemalduspadjad-olivabad\/","title":{"rendered":"Meigieemalduspadjad \u00f5livabad"},"content":{"rendered":"<p>Meigi eemaldamine pole kunagi varem nii lihtne olnud. Bel niisutatud meigieemalduspadjad, mis on immutatud mitsellaarveega ja aaloe veraga. Eemaldab \u00f5rnalt, kuid p\u00f5hjalikult meigi, h\u00e4irimata naha loomulikku kaitsekihti. T\u00e4nu aaloe vera niisutavale ja rahustavale toimele j\u00e4tavad need naha v\u00e4rskeks, pehmeks ja toidetuks. Oled sa liikvel, p\u00e4rast trenni v\u00f5i vajad lihtsalt kiiret v\u00e4rskendust, need padjad s\u00e4\u00e4stavad sinu aega ja ruumi kosmeetikakotis. T\u00e4nu praktilisele korduvsuletavale pakendile on sul alati k\u00e4ep\u00e4rast 60 \u00f5rna padjakest, et nahk oleks ideaalselt puhas igal ajal ja igal pool. Dermatoloogiliselt ja oftamoloogiliselt testitud. Pakendis 60 padjakest. Materjal 100% puuvill.<\/p>\n","protected":false},"excerpt":{"rendered":"<p>Meigi eemaldamine pole kunagi varem nii lihtne olnud. Bel niisutatud meigieemalduspadjad, mis on immutatud mitsellaarveega ja aaloe veraga. Eemaldab \u00f5rnalt, kuid p\u00f5hjalikult meigi, h\u00e4irimata naha loomulikku kaitsekihti. T\u00e4nu aaloe vera niisutavale ja rahustavale toimele j\u00e4tavad need naha v\u00e4rskeks, pehmeks ja toidetuks. Oled sa liikvel, p\u00e4rast trenni v\u00f5i vajad lihtsalt kiiret v\u00e4rskendust, need padjad s\u00e4\u00e4stavad sinu<\/p>\n","protected":false},"featured_media":13521,"comment_status":"closed","ping_status":"open","template":"","meta":{"_acf_changed":false},"product_brand":[606],"product_cat":[244,518],"product_tag":[],"class_list":{"0":"post-13520","1":"product","2":"type-product","3":"status-publish","4":"has-post-thumbnail","6":"product_brand-hartmann","7":"product_cat-kehahooldus","8":"product_cat-tervisetooted","9":"pa_kogus-60-tk","10":"pa_paritolumaa-saksamaa","11":"pa_uhik-tk","13":"first","14":"instock","15":"purchasable","16":"product-type-simple"},"acf":[],"_links":{"self":[{"href":"https:\/\/ursus.ee\/en\/wp-json\/wp\/v2\/product\/13520","targetHints":{"allow":["GET"]}}],"collection":[{"href":"https:\/\/ursus.ee\/en\/wp-json\/wp\/v2\/product"}],"about":[{"href":"https:\/\/ursus.ee\/en\/wp-json\/wp\/v2\/types\/product"}],"replies":[{"embeddable":true,"href":"https:\/\/ursus.ee\/en\/wp-json\/wp\/v2\/comments?post=13520"}],"wp:featuredmedia":[{"embeddable":true,"href":"https:\/\/ursus.ee\/en\/wp-json\/wp\/v2\/media\/13521"}],"wp:attachment":[{"href":"https:\/\/ursus.ee\/en\/wp-json\/wp\/v2\/media?parent=13520"}],"wp:term":[{"taxonomy":"product_brand","embeddable":true,"href":"https:\/\/ursus.ee\/en\/wp-json\/wp\/v2\/product_brand?post=13520"},{"taxonomy":"product_cat","embeddable":true,"href":"https:\/\/ursus.ee\/en\/wp-json\/wp\/v2\/product_cat?post=13520"},{"taxonomy":"product_tag","embeddable":true,"href":"https:\/\/ursus.ee\/en\/wp-json\/wp\/v2\/product_tag?post=13520"}],"curies":[{"name":"wp","href":"https:\/\/api.w.org\/{rel}","templated":true}]}}