{"id":13518,"date":"2025-12-16T19:17:46","date_gmt":"2025-12-16T17:17:46","guid":{"rendered":"https:\/\/ursus.ee\/toode\/kuunelakieemalduspadjad\/"},"modified":"2026-03-27T16:24:27","modified_gmt":"2026-03-27T14:24:27","slug":"kuunelakieemalduspadjad","status":"publish","type":"product","link":"https:\/\/ursus.ee\/en\/toode\/kuunelakieemalduspadjad\/","title":{"rendered":"K\u00fc\u00fcnelakieemalduspadjad"},"content":{"rendered":"<p>Unustage ebameeldivad l\u00f5hnad ja kuivad k\u00fc\u00fcned p\u00e4rast iga k\u00fc\u00fcnelaki eemaldamist! Bel Premium k\u00fc\u00fcnelakieemaldaja padjad on immutatud \u00f5rna, v\u00e4rskendava tsitrusel\u00f5hnalise k\u00fc\u00fcnelakieemaldajaga ja rikastatud E-vitamiiniga, mis niisutab ja kaitseb k\u00fc\u00fcsi ning \u00fcmbritsevat k\u00fc\u00fcnenahka. T\u00e4nu praktilisele pakendile ei pea te muretsema k\u00fc\u00fcnelakieemaldaja k\u00e4ekotis mahavalgumise p\u00e4rast \u2013 padjad sobivad ideaalselt reisimiseks ja kiireks k\u00fc\u00fcnehoolduseks igal ajal. Ja mis on parim? \u00dchest padjast piisab m\u00f5lemale k\u00e4ele! Pakendis 30 padjakest, materjal 100% puuvill.<\/p>\n","protected":false},"excerpt":{"rendered":"<p>Unustage ebameeldivad l\u00f5hnad ja kuivad k\u00fc\u00fcned p\u00e4rast iga k\u00fc\u00fcnelaki eemaldamist! Bel Premium k\u00fc\u00fcnelakieemaldaja padjad on immutatud \u00f5rna, v\u00e4rskendava tsitrusel\u00f5hnalise k\u00fc\u00fcnelakieemaldajaga ja rikastatud E-vitamiiniga, mis niisutab ja kaitseb k\u00fc\u00fcsi ning \u00fcmbritsevat k\u00fc\u00fcnenahka. T\u00e4nu praktilisele pakendile ei pea te muretsema k\u00fc\u00fcnelakieemaldaja k\u00e4ekotis mahavalgumise p\u00e4rast \u2013 padjad sobivad ideaalselt reisimiseks ja kiireks k\u00fc\u00fcnehoolduseks igal ajal. Ja mis on<\/p>\n","protected":false},"featured_media":13519,"comment_status":"closed","ping_status":"open","template":"","meta":{"_acf_changed":false},"product_brand":[606],"product_cat":[244,507],"product_tag":[],"class_list":{"0":"post-13518","1":"product","2":"type-product","3":"status-publish","4":"has-post-thumbnail","6":"product_brand-hartmann","7":"product_cat-kehahooldus","8":"product_cat-kate-ja-jalahooldus","9":"pa_kogus-30-tk","10":"pa_paritolumaa-saksamaa","11":"pa_uhik-tk","13":"first","14":"instock","15":"purchasable","16":"product-type-simple"},"acf":[],"_links":{"self":[{"href":"https:\/\/ursus.ee\/en\/wp-json\/wp\/v2\/product\/13518","targetHints":{"allow":["GET"]}}],"collection":[{"href":"https:\/\/ursus.ee\/en\/wp-json\/wp\/v2\/product"}],"about":[{"href":"https:\/\/ursus.ee\/en\/wp-json\/wp\/v2\/types\/product"}],"replies":[{"embeddable":true,"href":"https:\/\/ursus.ee\/en\/wp-json\/wp\/v2\/comments?post=13518"}],"wp:featuredmedia":[{"embeddable":true,"href":"https:\/\/ursus.ee\/en\/wp-json\/wp\/v2\/media\/13519"}],"wp:attachment":[{"href":"https:\/\/ursus.ee\/en\/wp-json\/wp\/v2\/media?parent=13518"}],"wp:term":[{"taxonomy":"product_brand","embeddable":true,"href":"https:\/\/ursus.ee\/en\/wp-json\/wp\/v2\/product_brand?post=13518"},{"taxonomy":"product_cat","embeddable":true,"href":"https:\/\/ursus.ee\/en\/wp-json\/wp\/v2\/product_cat?post=13518"},{"taxonomy":"product_tag","embeddable":true,"href":"https:\/\/ursus.ee\/en\/wp-json\/wp\/v2\/product_tag?post=13518"}],"curies":[{"name":"wp","href":"https:\/\/api.w.org\/{rel}","templated":true}]}}