{"id":13516,"date":"2025-12-16T19:17:46","date_gmt":"2025-12-16T17:17:46","guid":{"rendered":"https:\/\/ursus.ee\/toode\/kosmeetilised-vatipadjad-2\/"},"modified":"2026-03-27T16:26:55","modified_gmt":"2026-03-27T14:26:55","slug":"kosmeetilised-vatipadjad-2","status":"publish","type":"product","link":"https:\/\/ursus.ee\/en\/toode\/kosmeetilised-vatipadjad-2\/","title":{"rendered":"Kosmeetilised vatipadjad"},"content":{"rendered":"<p>Bel Face &#038; Body pehmed ja \u00f5rnad vatipadjad on ideaalsed igap\u00e4evaseks nahahoolduseks. Mikrokiust vatipadjad on loodud t\u00e4iuslikuks ja \u00f5rnaks meigi eemaldamiseks, s\u00fcgavpuhastuseks ja naha v\u00e4rskendamiseks. T\u00e4nu eriti pehmele ja kohevale \u00f5mblusteta pinnale sobivad need ideaalselt isegi tundlikule nahale. Pakendis 70 \u00fcmmargust vatipatja, mis on valmistatud tekstiilitootmises tekkivatest kasutamata puuvillakiududest. Toote pakend on valmistatud 80% ulatuses taaskasutatud materjalidest \u2013 \u00f5rn looduse ja sinu s\u00fcdametunnistuse vastu.<\/p>\n","protected":false},"excerpt":{"rendered":"<p>Bel Face &#038; Body pehmed ja \u00f5rnad vatipadjad on ideaalsed igap\u00e4evaseks nahahoolduseks. Mikrokiust vatipadjad on loodud t\u00e4iuslikuks ja \u00f5rnaks meigi eemaldamiseks, s\u00fcgavpuhastuseks ja naha v\u00e4rskendamiseks. T\u00e4nu eriti pehmele ja kohevale \u00f5mblusteta pinnale sobivad need ideaalselt isegi tundlikule nahale. Pakendis 70 \u00fcmmargust vatipatja, mis on valmistatud tekstiilitootmises tekkivatest kasutamata puuvillakiududest. Toote pakend on valmistatud 80% ulatuses<\/p>\n","protected":false},"featured_media":13517,"comment_status":"closed","ping_status":"open","template":"","meta":{"_acf_changed":false},"product_brand":[606],"product_cat":[244,518],"product_tag":[],"class_list":{"0":"post-13516","1":"product","2":"type-product","3":"status-publish","4":"has-post-thumbnail","6":"product_brand-hartmann","7":"product_cat-kehahooldus","8":"product_cat-tervisetooted","9":"pa_kogus-70-tk","10":"pa_paritolumaa-saksamaa","11":"pa_uhik-tk","13":"first","14":"instock","15":"purchasable","16":"product-type-simple"},"acf":[],"_links":{"self":[{"href":"https:\/\/ursus.ee\/en\/wp-json\/wp\/v2\/product\/13516","targetHints":{"allow":["GET"]}}],"collection":[{"href":"https:\/\/ursus.ee\/en\/wp-json\/wp\/v2\/product"}],"about":[{"href":"https:\/\/ursus.ee\/en\/wp-json\/wp\/v2\/types\/product"}],"replies":[{"embeddable":true,"href":"https:\/\/ursus.ee\/en\/wp-json\/wp\/v2\/comments?post=13516"}],"wp:featuredmedia":[{"embeddable":true,"href":"https:\/\/ursus.ee\/en\/wp-json\/wp\/v2\/media\/13517"}],"wp:attachment":[{"href":"https:\/\/ursus.ee\/en\/wp-json\/wp\/v2\/media?parent=13516"}],"wp:term":[{"taxonomy":"product_brand","embeddable":true,"href":"https:\/\/ursus.ee\/en\/wp-json\/wp\/v2\/product_brand?post=13516"},{"taxonomy":"product_cat","embeddable":true,"href":"https:\/\/ursus.ee\/en\/wp-json\/wp\/v2\/product_cat?post=13516"},{"taxonomy":"product_tag","embeddable":true,"href":"https:\/\/ursus.ee\/en\/wp-json\/wp\/v2\/product_tag?post=13516"}],"curies":[{"name":"wp","href":"https:\/\/api.w.org\/{rel}","templated":true}]}}