{"id":13514,"date":"2025-12-16T19:17:46","date_gmt":"2025-12-16T17:17:46","guid":{"rendered":"https:\/\/ursus.ee\/toode\/kosmeetilised-vatipadjad\/"},"modified":"2026-03-27T16:26:55","modified_gmt":"2026-03-27T14:26:55","slug":"kosmeetilised-vatipadjad","status":"publish","type":"product","link":"https:\/\/ursus.ee\/en\/toode\/kosmeetilised-vatipadjad\/","title":{"rendered":"Kosmeetilised vatipadjad"},"content":{"rendered":"<p>Ebemevabad puuvillased vatipadjad mugavas v\u00e4ikepakendis. Eemaldavad t\u00f5husalt meigi ja on \u00f5rnad n\u00e4onahale ning silma\u00fcmbrusele. 100% puhtast puuvillast. Dermatoloogiliselt testitud. Pakendis on 35 vatipatja.<\/p>\n","protected":false},"excerpt":{"rendered":"<p>Ebemevabad puuvillased vatipadjad mugavas v\u00e4ikepakendis. Eemaldavad t\u00f5husalt meigi ja on \u00f5rnad n\u00e4onahale ning silma\u00fcmbrusele. 100% puhtast puuvillast. Dermatoloogiliselt testitud. Pakendis on 35 vatipatja.<\/p>\n","protected":false},"featured_media":13515,"comment_status":"closed","ping_status":"open","template":"","meta":{"_acf_changed":false},"product_brand":[606],"product_cat":[244,518],"product_tag":[],"class_list":{"0":"post-13514","1":"product","2":"type-product","3":"status-publish","4":"has-post-thumbnail","6":"product_brand-hartmann","7":"product_cat-kehahooldus","8":"product_cat-tervisetooted","9":"pa_kogus-35-tk","10":"pa_paritolumaa-saksamaa","11":"pa_uhik-tk","13":"first","14":"instock","15":"purchasable","16":"product-type-simple"},"acf":[],"_links":{"self":[{"href":"https:\/\/ursus.ee\/en\/wp-json\/wp\/v2\/product\/13514","targetHints":{"allow":["GET"]}}],"collection":[{"href":"https:\/\/ursus.ee\/en\/wp-json\/wp\/v2\/product"}],"about":[{"href":"https:\/\/ursus.ee\/en\/wp-json\/wp\/v2\/types\/product"}],"replies":[{"embeddable":true,"href":"https:\/\/ursus.ee\/en\/wp-json\/wp\/v2\/comments?post=13514"}],"wp:featuredmedia":[{"embeddable":true,"href":"https:\/\/ursus.ee\/en\/wp-json\/wp\/v2\/media\/13515"}],"wp:attachment":[{"href":"https:\/\/ursus.ee\/en\/wp-json\/wp\/v2\/media?parent=13514"}],"wp:term":[{"taxonomy":"product_brand","embeddable":true,"href":"https:\/\/ursus.ee\/en\/wp-json\/wp\/v2\/product_brand?post=13514"},{"taxonomy":"product_cat","embeddable":true,"href":"https:\/\/ursus.ee\/en\/wp-json\/wp\/v2\/product_cat?post=13514"},{"taxonomy":"product_tag","embeddable":true,"href":"https:\/\/ursus.ee\/en\/wp-json\/wp\/v2\/product_tag?post=13514"}],"curies":[{"name":"wp","href":"https:\/\/api.w.org\/{rel}","templated":true}]}}