{"id":13510,"date":"2025-12-16T19:17:46","date_gmt":"2025-12-16T17:17:46","guid":{"rendered":"https:\/\/ursus.ee\/toode\/vatitikud-kotis\/"},"modified":"2026-03-27T16:26:55","modified_gmt":"2026-03-27T14:26:55","slug":"vatitikud-kotis","status":"publish","type":"product","link":"https:\/\/ursus.ee\/en\/toode\/vatitikud-kotis\/","title":{"rendered":"Vatitikud kotis"},"content":{"rendered":"<p>Bel Face &#038; Body sarja vatitikud on valmistatud pabermaterjalist ja 100% puuvillast peadega. Vatitikud sobivad ideaalselt igap\u00e4evaseks h\u00fcgieenitoiminguteks ja kosmeetiliseks hoolduseks. T\u00e4nu kvaliteetsele ja pehmele materjalile on need nahale \u00f5rnad ja tagavad t\u00e4iusliku puhtuse. Kasutage tikke kosmeetikatoodete pealekandmiseks, meigi eemaldamiseks v\u00f5i h\u00fcgieenitoiminguteks.Sobivad suurep\u00e4raselt ka laste tundlikule nahale. Bel Face &#038; Body vatitikkudega muutub teie igap\u00e4evane rutiin lihtsaks ja t\u00f5husaks.<\/p>\n","protected":false},"excerpt":{"rendered":"<p>Bel Face &#038; Body sarja vatitikud on valmistatud pabermaterjalist ja 100% puuvillast peadega. Vatitikud sobivad ideaalselt igap\u00e4evaseks h\u00fcgieenitoiminguteks ja kosmeetiliseks hoolduseks. T\u00e4nu kvaliteetsele ja pehmele materjalile on need nahale \u00f5rnad ja tagavad t\u00e4iusliku puhtuse. Kasutage tikke kosmeetikatoodete pealekandmiseks, meigi eemaldamiseks v\u00f5i h\u00fcgieenitoiminguteks.Sobivad suurep\u00e4raselt ka laste tundlikule nahale. Bel Face &#038; Body vatitikkudega muutub teie igap\u00e4evane<\/p>\n","protected":false},"featured_media":13511,"comment_status":"closed","ping_status":"open","template":"","meta":{"_acf_changed":false},"product_brand":[606],"product_cat":[244,518],"product_tag":[],"class_list":{"0":"post-13510","1":"product","2":"type-product","3":"status-publish","4":"has-post-thumbnail","6":"product_brand-hartmann","7":"product_cat-kehahooldus","8":"product_cat-tervisetooted","9":"pa_kogus-160-tk","10":"pa_paritolumaa-saksamaa","11":"pa_uhik-tk","13":"first","14":"instock","15":"purchasable","16":"product-type-simple"},"acf":[],"_links":{"self":[{"href":"https:\/\/ursus.ee\/en\/wp-json\/wp\/v2\/product\/13510","targetHints":{"allow":["GET"]}}],"collection":[{"href":"https:\/\/ursus.ee\/en\/wp-json\/wp\/v2\/product"}],"about":[{"href":"https:\/\/ursus.ee\/en\/wp-json\/wp\/v2\/types\/product"}],"replies":[{"embeddable":true,"href":"https:\/\/ursus.ee\/en\/wp-json\/wp\/v2\/comments?post=13510"}],"wp:featuredmedia":[{"embeddable":true,"href":"https:\/\/ursus.ee\/en\/wp-json\/wp\/v2\/media\/13511"}],"wp:attachment":[{"href":"https:\/\/ursus.ee\/en\/wp-json\/wp\/v2\/media?parent=13510"}],"wp:term":[{"taxonomy":"product_brand","embeddable":true,"href":"https:\/\/ursus.ee\/en\/wp-json\/wp\/v2\/product_brand?post=13510"},{"taxonomy":"product_cat","embeddable":true,"href":"https:\/\/ursus.ee\/en\/wp-json\/wp\/v2\/product_cat?post=13510"},{"taxonomy":"product_tag","embeddable":true,"href":"https:\/\/ursus.ee\/en\/wp-json\/wp\/v2\/product_tag?post=13510"}],"curies":[{"name":"wp","href":"https:\/\/api.w.org\/{rel}","templated":true}]}}