{"id":13507,"date":"2025-12-16T19:17:46","date_gmt":"2025-12-16T17:17:46","guid":{"rendered":"https:\/\/ursus.ee\/toode\/vatitikud-travel-size-reisipakendis\/"},"modified":"2026-03-27T16:26:55","modified_gmt":"2026-03-27T14:26:55","slug":"vatitikud-travel-size-reisipakendis","status":"publish","type":"product","link":"https:\/\/ursus.ee\/en\/toode\/vatitikud-travel-size-reisipakendis\/","title":{"rendered":"Vatitikud Travel Size reisipakendis"},"content":{"rendered":"<p>T\u00e4iuslik hooldus igal ajal ja igal pool! Bel Face &#038; Body sarja vatitikud on valmistatud pabermaterjalist ja 100% puuvillast peadega, mis on nahale \u00f5rnad ning t\u00e4nu tugevale paberpulgale vastupidavad ja \u00f6koloogilised. Olenemata sellest, kas lihvid oma meiki, hoolitsed h\u00fcgieeni eest v\u00f5i vajad t\u00e4pset korrigeerimist, aitavad need sind usaldusv\u00e4\u00e4rselt. Mugav v\u00e4ikesuuruses reisipakk kompaktses paberkarbis mahub igasse k\u00e4ekotti v\u00f5i kosmeetikakotti, nii et need on sul alati k\u00e4ep\u00e4rast nii kodus kui ka liikvel olles.<\/p>\n","protected":false},"excerpt":{"rendered":"<p>T\u00e4iuslik hooldus igal ajal ja igal pool! Bel Face &#038; Body sarja vatitikud on valmistatud pabermaterjalist ja 100% puuvillast peadega, mis on nahale \u00f5rnad ning t\u00e4nu tugevale paberpulgale vastupidavad ja \u00f6koloogilised. Olenemata sellest, kas lihvid oma meiki, hoolitsed h\u00fcgieeni eest v\u00f5i vajad t\u00e4pset korrigeerimist, aitavad need sind usaldusv\u00e4\u00e4rselt. Mugav v\u00e4ikesuuruses reisipakk kompaktses paberkarbis mahub igasse<\/p>\n","protected":false},"featured_media":13508,"comment_status":"closed","ping_status":"open","template":"","meta":{"_acf_changed":false},"product_brand":[606],"product_cat":[244,518],"product_tag":[],"class_list":{"0":"post-13507","1":"product","2":"type-product","3":"status-publish","4":"has-post-thumbnail","6":"product_brand-hartmann","7":"product_cat-kehahooldus","8":"product_cat-tervisetooted","9":"pa_kogus-60-tk","10":"pa_koostis-100-cotton","11":"pa_paritolumaa-saksamaa","12":"pa_uhik-tk","14":"first","15":"instock","16":"purchasable","17":"product-type-simple"},"acf":[],"_links":{"self":[{"href":"https:\/\/ursus.ee\/en\/wp-json\/wp\/v2\/product\/13507","targetHints":{"allow":["GET"]}}],"collection":[{"href":"https:\/\/ursus.ee\/en\/wp-json\/wp\/v2\/product"}],"about":[{"href":"https:\/\/ursus.ee\/en\/wp-json\/wp\/v2\/types\/product"}],"replies":[{"embeddable":true,"href":"https:\/\/ursus.ee\/en\/wp-json\/wp\/v2\/comments?post=13507"}],"wp:featuredmedia":[{"embeddable":true,"href":"https:\/\/ursus.ee\/en\/wp-json\/wp\/v2\/media\/13508"}],"wp:attachment":[{"href":"https:\/\/ursus.ee\/en\/wp-json\/wp\/v2\/media?parent=13507"}],"wp:term":[{"taxonomy":"product_brand","embeddable":true,"href":"https:\/\/ursus.ee\/en\/wp-json\/wp\/v2\/product_brand?post=13507"},{"taxonomy":"product_cat","embeddable":true,"href":"https:\/\/ursus.ee\/en\/wp-json\/wp\/v2\/product_cat?post=13507"},{"taxonomy":"product_tag","embeddable":true,"href":"https:\/\/ursus.ee\/en\/wp-json\/wp\/v2\/product_tag?post=13507"}],"curies":[{"name":"wp","href":"https:\/\/api.w.org\/{rel}","templated":true}]}}