{"id":13505,"date":"2025-12-16T19:17:46","date_gmt":"2025-12-16T17:17:46","guid":{"rendered":"https:\/\/ursus.ee\/toode\/fusioloogiline-lahus-ampullid\/"},"modified":"2026-03-27T16:26:55","modified_gmt":"2026-03-27T14:26:55","slug":"fusioloogiline-lahus-ampullid","status":"publish","type":"product","link":"https:\/\/ursus.ee\/en\/toode\/fusioloogiline-lahus-ampullid\/","title":{"rendered":"F\u00fcsioloogiline lahus ampullid"},"content":{"rendered":"<p>Sobilik nina, silmade ja pindmiste haavade \u00f5rnaks puhastuseks imikutel, lastel ja t\u00e4iskasvanutel. Niisutab nina ja silmi ning kaitseb kuivamise eest.<\/p>\n","protected":false},"excerpt":{"rendered":"<p>Sobilik nina, silmade ja pindmiste haavade \u00f5rnaks puhastuseks imikutel, lastel ja t\u00e4iskasvanutel. Niisutab nina ja silmi ning kaitseb kuivamise eest.<\/p>\n","protected":false},"featured_media":13506,"comment_status":"closed","ping_status":"open","template":"","meta":{"_acf_changed":false},"product_brand":[606],"product_cat":[244,518],"product_tag":[],"class_list":{"0":"post-13505","1":"product","2":"type-product","3":"status-publish","4":"has-post-thumbnail","6":"product_brand-hartmann","7":"product_cat-kehahooldus","8":"product_cat-tervisetooted","9":"pa_kogus-30-tk","10":"pa_koostis-physiological-saline-solution-09","11":"pa_paritolumaa-saksamaa","12":"pa_uhik-tk","14":"first","15":"instock","16":"purchasable","17":"product-type-simple"},"acf":[],"_links":{"self":[{"href":"https:\/\/ursus.ee\/en\/wp-json\/wp\/v2\/product\/13505","targetHints":{"allow":["GET"]}}],"collection":[{"href":"https:\/\/ursus.ee\/en\/wp-json\/wp\/v2\/product"}],"about":[{"href":"https:\/\/ursus.ee\/en\/wp-json\/wp\/v2\/types\/product"}],"replies":[{"embeddable":true,"href":"https:\/\/ursus.ee\/en\/wp-json\/wp\/v2\/comments?post=13505"}],"wp:featuredmedia":[{"embeddable":true,"href":"https:\/\/ursus.ee\/en\/wp-json\/wp\/v2\/media\/13506"}],"wp:attachment":[{"href":"https:\/\/ursus.ee\/en\/wp-json\/wp\/v2\/media?parent=13505"}],"wp:term":[{"taxonomy":"product_brand","embeddable":true,"href":"https:\/\/ursus.ee\/en\/wp-json\/wp\/v2\/product_brand?post=13505"},{"taxonomy":"product_cat","embeddable":true,"href":"https:\/\/ursus.ee\/en\/wp-json\/wp\/v2\/product_cat?post=13505"},{"taxonomy":"product_tag","embeddable":true,"href":"https:\/\/ursus.ee\/en\/wp-json\/wp\/v2\/product_tag?post=13505"}],"curies":[{"name":"wp","href":"https:\/\/api.w.org\/{rel}","templated":true}]}}