{"id":13503,"date":"2025-12-16T19:17:46","date_gmt":"2025-12-16T17:17:46","guid":{"rendered":"https:\/\/ursus.ee\/toode\/mahkimislina\/"},"modified":"2026-03-27T16:26:55","modified_gmt":"2026-03-27T14:26:55","slug":"mahkimislina","status":"publish","type":"product","link":"https:\/\/ursus.ee\/en\/toode\/mahkimislina\/","title":{"rendered":"M\u00e4hkimislina"},"content":{"rendered":"<p>M\u00e4hkimislinad on pehmed, niiskust h\u00e4stiimavad ning vastupidavad. P\u00f5hi on kaetud kilega, mis ei lase vedelikul l\u00e4bi lina lekkida. Pakend on lihtsasti avatav. Dermatoloogiliselt testitud. Pakendis 10 \u00fchekordseks kasutamiseks m\u00f5eldud lina. Lina m\u00f5\u00f5dud 60x60cm.<\/p>\n","protected":false},"excerpt":{"rendered":"<p>M\u00e4hkimislinad on pehmed, niiskust h\u00e4stiimavad ning vastupidavad. P\u00f5hi on kaetud kilega, mis ei lase vedelikul l\u00e4bi lina lekkida. Pakend on lihtsasti avatav. Dermatoloogiliselt testitud. Pakendis 10 \u00fchekordseks kasutamiseks m\u00f5eldud lina. Lina m\u00f5\u00f5dud 60x60cm.<\/p>\n","protected":false},"featured_media":13504,"comment_status":"closed","ping_status":"open","template":"","meta":{"_acf_changed":false},"product_brand":[606],"product_cat":[244,518],"product_tag":[],"class_list":{"0":"post-13503","1":"product","2":"type-product","3":"status-publish","4":"has-post-thumbnail","6":"product_brand-hartmann","7":"product_cat-kehahooldus","8":"product_cat-tervisetooted","9":"pa_kogus-10-tk","10":"pa_paritolumaa-itaalia","11":"pa_uhik-tk","13":"first","14":"instock","15":"purchasable","16":"product-type-simple"},"acf":[],"_links":{"self":[{"href":"https:\/\/ursus.ee\/en\/wp-json\/wp\/v2\/product\/13503","targetHints":{"allow":["GET"]}}],"collection":[{"href":"https:\/\/ursus.ee\/en\/wp-json\/wp\/v2\/product"}],"about":[{"href":"https:\/\/ursus.ee\/en\/wp-json\/wp\/v2\/types\/product"}],"replies":[{"embeddable":true,"href":"https:\/\/ursus.ee\/en\/wp-json\/wp\/v2\/comments?post=13503"}],"wp:featuredmedia":[{"embeddable":true,"href":"https:\/\/ursus.ee\/en\/wp-json\/wp\/v2\/media\/13504"}],"wp:attachment":[{"href":"https:\/\/ursus.ee\/en\/wp-json\/wp\/v2\/media?parent=13503"}],"wp:term":[{"taxonomy":"product_brand","embeddable":true,"href":"https:\/\/ursus.ee\/en\/wp-json\/wp\/v2\/product_brand?post=13503"},{"taxonomy":"product_cat","embeddable":true,"href":"https:\/\/ursus.ee\/en\/wp-json\/wp\/v2\/product_cat?post=13503"},{"taxonomy":"product_tag","embeddable":true,"href":"https:\/\/ursus.ee\/en\/wp-json\/wp\/v2\/product_tag?post=13503"}],"curies":[{"name":"wp","href":"https:\/\/api.w.org\/{rel}","templated":true}]}}