{"id":13497,"date":"2025-12-16T19:17:46","date_gmt":"2025-12-16T17:17:46","guid":{"rendered":"https:\/\/ursus.ee\/toode\/jalavannisool-piparmundioliga\/"},"modified":"2026-03-27T16:24:27","modified_gmt":"2026-03-27T14:24:27","slug":"jalavannisool-piparmundioliga","status":"publish","type":"product","link":"https:\/\/ursus.ee\/en\/toode\/jalavannisool-piparmundioliga\/","title":{"rendered":"Jalavannisool piparm\u00fcndi\u00f5liga"},"content":{"rendered":"<p>Piparm\u00fcndi\u00f5liga jalavannisool pakub leevendust v\u00e4sinud ja pinges jalgadele.<br \/>\n\u2022\tv\u00e4rskendav ja l\u00f5\u00f5gastav<br \/>\n\u2022\tpikaajaline toime higil\u00f5hna vastu<br \/>\n\u2022\t\u00f5rn nahale<\/p>\n","protected":false},"excerpt":{"rendered":"<p>Piparm\u00fcndi\u00f5liga jalavannisool pakub leevendust v\u00e4sinud ja pinges jalgadele. \u2022 v\u00e4rskendav ja l\u00f5\u00f5gastav \u2022 pikaajaline toime higil\u00f5hna vastu \u2022 \u00f5rn nahale<\/p>\n","protected":false},"featured_media":13498,"comment_status":"closed","ping_status":"open","template":"","meta":{"_acf_changed":false},"product_brand":[582],"product_cat":[244,507],"product_tag":[],"class_list":{"0":"post-13497","1":"product","2":"type-product","3":"status-publish","4":"has-post-thumbnail","6":"product_brand-schmees","7":"product_cat-kehahooldus","8":"product_cat-kate-ja-jalahooldus","9":"pa_kogus-600-g","10":"pa_koostis-sodium-chloride-silica-mentha-piperita-herb-oil-propylene-glycol-symphytum-officinale-root-extract-glycerin-cl-19140-sodium-benzoate-potassium-sorbate","11":"pa_paritolumaa-saksamaa","12":"pa_uhik-g","14":"first","15":"instock","16":"purchasable","17":"product-type-simple"},"acf":[],"_links":{"self":[{"href":"https:\/\/ursus.ee\/en\/wp-json\/wp\/v2\/product\/13497","targetHints":{"allow":["GET"]}}],"collection":[{"href":"https:\/\/ursus.ee\/en\/wp-json\/wp\/v2\/product"}],"about":[{"href":"https:\/\/ursus.ee\/en\/wp-json\/wp\/v2\/types\/product"}],"replies":[{"embeddable":true,"href":"https:\/\/ursus.ee\/en\/wp-json\/wp\/v2\/comments?post=13497"}],"wp:featuredmedia":[{"embeddable":true,"href":"https:\/\/ursus.ee\/en\/wp-json\/wp\/v2\/media\/13498"}],"wp:attachment":[{"href":"https:\/\/ursus.ee\/en\/wp-json\/wp\/v2\/media?parent=13497"}],"wp:term":[{"taxonomy":"product_brand","embeddable":true,"href":"https:\/\/ursus.ee\/en\/wp-json\/wp\/v2\/product_brand?post=13497"},{"taxonomy":"product_cat","embeddable":true,"href":"https:\/\/ursus.ee\/en\/wp-json\/wp\/v2\/product_cat?post=13497"},{"taxonomy":"product_tag","embeddable":true,"href":"https:\/\/ursus.ee\/en\/wp-json\/wp\/v2\/product_tag?post=13497"}],"curies":[{"name":"wp","href":"https:\/\/api.w.org\/{rel}","templated":true}]}}