{"id":13491,"date":"2025-12-16T19:16:03","date_gmt":"2025-12-16T17:16:03","guid":{"rendered":"https:\/\/ursus.ee\/toode\/jalahooldusdeodorant\/"},"modified":"2026-03-27T16:24:27","modified_gmt":"2026-03-27T14:24:27","slug":"jalahooldusdeodorant","status":"publish","type":"product","link":"https:\/\/ursus.ee\/en\/toode\/jalahooldusdeodorant\/","title":{"rendered":"Jalahooldusdeodorant"},"content":{"rendered":"<p>Jalahooldusdeodorant pakub meeldivat v\u00e4rskust terveks p\u00e4evaks, hooldab jalgu ning aitab v\u00e4ltida ebameeldiva l\u00f5hna teket.<\/p>\n","protected":false},"excerpt":{"rendered":"<p>Jalahooldusdeodorant pakub meeldivat v\u00e4rskust terveks p\u00e4evaks, hooldab jalgu ning aitab v\u00e4ltida ebameeldiva l\u00f5hna teket.<\/p>\n","protected":false},"featured_media":13492,"comment_status":"closed","ping_status":"open","template":"","meta":{"_acf_changed":false},"product_brand":[582],"product_cat":[244,507],"product_tag":[],"class_list":{"0":"post-13491","1":"product","2":"type-product","3":"status-publish","4":"has-post-thumbnail","6":"product_brand-schmees","7":"product_cat-kehahooldus","8":"product_cat-kate-ja-jalahooldus","9":"pa_kogus-200-ml","10":"pa_koostis-butane-propane-isopropyl-alcohol-isobutane-camphor-panthenol-ethylhexylglycerin-parfum-menthol-isopropyl-myristate-diethylhexyl-sodium-sulfosuccinate","11":"pa_paritolumaa-saksamaa","12":"pa_uhik-ml","14":"first","15":"instock","16":"purchasable","17":"product-type-simple"},"acf":[],"_links":{"self":[{"href":"https:\/\/ursus.ee\/en\/wp-json\/wp\/v2\/product\/13491","targetHints":{"allow":["GET"]}}],"collection":[{"href":"https:\/\/ursus.ee\/en\/wp-json\/wp\/v2\/product"}],"about":[{"href":"https:\/\/ursus.ee\/en\/wp-json\/wp\/v2\/types\/product"}],"replies":[{"embeddable":true,"href":"https:\/\/ursus.ee\/en\/wp-json\/wp\/v2\/comments?post=13491"}],"wp:featuredmedia":[{"embeddable":true,"href":"https:\/\/ursus.ee\/en\/wp-json\/wp\/v2\/media\/13492"}],"wp:attachment":[{"href":"https:\/\/ursus.ee\/en\/wp-json\/wp\/v2\/media?parent=13491"}],"wp:term":[{"taxonomy":"product_brand","embeddable":true,"href":"https:\/\/ursus.ee\/en\/wp-json\/wp\/v2\/product_brand?post=13491"},{"taxonomy":"product_cat","embeddable":true,"href":"https:\/\/ursus.ee\/en\/wp-json\/wp\/v2\/product_cat?post=13491"},{"taxonomy":"product_tag","embeddable":true,"href":"https:\/\/ursus.ee\/en\/wp-json\/wp\/v2\/product_tag?post=13491"}],"curies":[{"name":"wp","href":"https:\/\/api.w.org\/{rel}","templated":true}]}}