{"id":13489,"date":"2025-12-16T19:16:03","date_gmt":"2025-12-16T17:16:03","guid":{"rendered":"https:\/\/ursus.ee\/toode\/jalatsi-deodorant\/"},"modified":"2026-03-27T16:24:27","modified_gmt":"2026-03-27T14:24:27","slug":"jalatsi-deodorant","status":"publish","type":"product","link":"https:\/\/ursus.ee\/en\/toode\/jalatsi-deodorant\/","title":{"rendered":"Jalatsi deodorant"},"content":{"rendered":"<p>V\u00e4rskendab ja ellimineerib ebameeldiva l\u00f5hna. Kauakestev v\u00e4rskus terveks p\u00e4evaks. Lokustage enne kasutamist ja pihustage jalatsisse u 20cm kauguselt.<\/p>\n","protected":false},"excerpt":{"rendered":"<p>V\u00e4rskendab ja ellimineerib ebameeldiva l\u00f5hna. Kauakestev v\u00e4rskus terveks p\u00e4evaks. Lokustage enne kasutamist ja pihustage jalatsisse u 20cm kauguselt.<\/p>\n","protected":false},"featured_media":13490,"comment_status":"closed","ping_status":"open","template":"","meta":{"_acf_changed":false},"product_brand":[582],"product_cat":[244,507],"product_tag":[],"class_list":{"0":"post-13489","1":"product","2":"type-product","3":"status-publish","4":"has-post-thumbnail","6":"product_brand-schmees","7":"product_cat-kehahooldus","8":"product_cat-kate-ja-jalahooldus","9":"pa_kogus-200-ml","10":"pa_koostis-propaan-butaan-isopropuul-isobutaan-alkoholdenaat-lohnaained-etuulhekxuglutseriin-tsink","11":"pa_paritolumaa-saksamaa","12":"pa_uhik-ml","14":"first","15":"instock","16":"purchasable","17":"product-type-simple"},"acf":[],"_links":{"self":[{"href":"https:\/\/ursus.ee\/en\/wp-json\/wp\/v2\/product\/13489","targetHints":{"allow":["GET"]}}],"collection":[{"href":"https:\/\/ursus.ee\/en\/wp-json\/wp\/v2\/product"}],"about":[{"href":"https:\/\/ursus.ee\/en\/wp-json\/wp\/v2\/types\/product"}],"replies":[{"embeddable":true,"href":"https:\/\/ursus.ee\/en\/wp-json\/wp\/v2\/comments?post=13489"}],"wp:featuredmedia":[{"embeddable":true,"href":"https:\/\/ursus.ee\/en\/wp-json\/wp\/v2\/media\/13490"}],"wp:attachment":[{"href":"https:\/\/ursus.ee\/en\/wp-json\/wp\/v2\/media?parent=13489"}],"wp:term":[{"taxonomy":"product_brand","embeddable":true,"href":"https:\/\/ursus.ee\/en\/wp-json\/wp\/v2\/product_brand?post=13489"},{"taxonomy":"product_cat","embeddable":true,"href":"https:\/\/ursus.ee\/en\/wp-json\/wp\/v2\/product_cat?post=13489"},{"taxonomy":"product_tag","embeddable":true,"href":"https:\/\/ursus.ee\/en\/wp-json\/wp\/v2\/product_tag?post=13489"}],"curies":[{"name":"wp","href":"https:\/\/api.w.org\/{rel}","templated":true}]}}