{"id":13487,"date":"2025-12-16T19:16:03","date_gmt":"2025-12-16T17:16:03","guid":{"rendered":"https:\/\/ursus.ee\/toode\/pimsskivi-vitawohl-varvivalik\/"},"modified":"2026-03-27T16:24:26","modified_gmt":"2026-03-27T14:24:26","slug":"pimsskivi-vitawohl-varvivalik","status":"publish","type":"product","link":"https:\/\/ursus.ee\/en\/toode\/pimsskivi-vitawohl-varvivalik\/","title":{"rendered":"Pimsskivi Vitawohl v\u00e4rvivalik"},"content":{"rendered":"<p>K\u00e4snja struktuuriga pimsskivi on sobilik k\u00e4te ja jalgade hooldamiseks, eemaldab v\u00e4sinud naha ja mustuse lihtsalt ja vaevata. Toode eemaldab kergelt ka nikotiini laigud, olles ideaalne kasutamiseks ka k\u00e4tel, k\u00fc\u00fcnarnukkidel ja p\u00f5lvedel. Sobib ka konnasilmade eemaldamiseks. Toote pakendis v\u00e4rvivalik \u2013 roheline, kollane, lilla, roosa.<\/p>\n","protected":false},"excerpt":{"rendered":"<p>K\u00e4snja struktuuriga pimsskivi on sobilik k\u00e4te ja jalgade hooldamiseks, eemaldab v\u00e4sinud naha ja mustuse lihtsalt ja vaevata. Toode eemaldab kergelt ka nikotiini laigud, olles ideaalne kasutamiseks ka k\u00e4tel, k\u00fc\u00fcnarnukkidel ja p\u00f5lvedel. Sobib ka konnasilmade eemaldamiseks. Toote pakendis v\u00e4rvivalik \u2013 roheline, kollane, lilla, roosa.<\/p>\n","protected":false},"featured_media":13488,"comment_status":"closed","ping_status":"open","template":"","meta":{"_acf_changed":false},"product_brand":[582],"product_cat":[244,507],"product_tag":[],"class_list":{"0":"post-13487","1":"product","2":"type-product","3":"status-publish","4":"has-post-thumbnail","6":"product_brand-schmees","7":"product_cat-kehahooldus","8":"product_cat-kate-ja-jalahooldus","9":"pa_kogus-1-tk","10":"pa_paritolumaa-saksamaa","11":"pa_uhik-tk","13":"first","14":"instock","15":"purchasable","16":"product-type-simple"},"acf":[],"_links":{"self":[{"href":"https:\/\/ursus.ee\/en\/wp-json\/wp\/v2\/product\/13487","targetHints":{"allow":["GET"]}}],"collection":[{"href":"https:\/\/ursus.ee\/en\/wp-json\/wp\/v2\/product"}],"about":[{"href":"https:\/\/ursus.ee\/en\/wp-json\/wp\/v2\/types\/product"}],"replies":[{"embeddable":true,"href":"https:\/\/ursus.ee\/en\/wp-json\/wp\/v2\/comments?post=13487"}],"wp:featuredmedia":[{"embeddable":true,"href":"https:\/\/ursus.ee\/en\/wp-json\/wp\/v2\/media\/13488"}],"wp:attachment":[{"href":"https:\/\/ursus.ee\/en\/wp-json\/wp\/v2\/media?parent=13487"}],"wp:term":[{"taxonomy":"product_brand","embeddable":true,"href":"https:\/\/ursus.ee\/en\/wp-json\/wp\/v2\/product_brand?post=13487"},{"taxonomy":"product_cat","embeddable":true,"href":"https:\/\/ursus.ee\/en\/wp-json\/wp\/v2\/product_cat?post=13487"},{"taxonomy":"product_tag","embeddable":true,"href":"https:\/\/ursus.ee\/en\/wp-json\/wp\/v2\/product_tag?post=13487"}],"curies":[{"name":"wp","href":"https:\/\/api.w.org\/{rel}","templated":true}]}}