{"id":13485,"date":"2025-12-16T19:16:03","date_gmt":"2025-12-16T17:16:03","guid":{"rendered":"https:\/\/ursus.ee\/toode\/kehakreem-glukosamiin\/"},"modified":"2026-03-27T16:23:56","modified_gmt":"2026-03-27T14:23:56","slug":"kehakreem-glukosamiin","status":"publish","type":"product","link":"https:\/\/ursus.ee\/en\/toode\/kehakreem-glukosamiin\/","title":{"rendered":"Kehakreem Gl\u00fckosamiin"},"content":{"rendered":"<p>Arnikaekstrakti, oliivi\u00f5li, sheav\u00f5i ja kampriga rikastatud gl\u00fckosamiinikreem on m\u00f5eldud nahahoolduseks ja liigeste \u00fcmbruse massaa\u017eiks. Kehakreem on sobilik kasutamiseks k\u00f5ikidel liigestel &#8211; p\u00f5lved, puusad, \u00f5lad, k\u00e4ed ning l\u00fclisammas.<\/p>\n","protected":false},"excerpt":{"rendered":"<p>Arnikaekstrakti, oliivi\u00f5li, sheav\u00f5i ja kampriga rikastatud gl\u00fckosamiinikreem on m\u00f5eldud nahahoolduseks ja liigeste \u00fcmbruse massaa\u017eiks. Kehakreem on sobilik kasutamiseks k\u00f5ikidel liigestel &#8211; p\u00f5lved, puusad, \u00f5lad, k\u00e4ed ning l\u00fclisammas.<\/p>\n","protected":false},"featured_media":13486,"comment_status":"closed","ping_status":"closed","template":"","meta":{"_acf_changed":false},"product_brand":[624],"product_cat":[244,262],"product_tag":[],"class_list":{"0":"post-13485","1":"product","2":"type-product","3":"status-publish","4":"has-post-thumbnail","6":"product_brand-herbamedicus","7":"product_cat-kehahooldus","8":"product_cat-kehakreemid","9":"pa_kogus-250-ml","10":"pa_koostis-aqua-ethylhexyl-stearate-isopropylmyristate-glyceryl-stearate-se-cetyl-alcohol-glyceryl-stearate-citrate-glycerin-olea-europaea-fruit-oil-butyrospermum-parkii-butter-stearic-acid-glucosamine","11":"pa_paritolumaa-saksamaa","12":"pa_uhik-ml","14":"first","15":"instock","16":"purchasable","17":"product-type-simple"},"acf":[],"_links":{"self":[{"href":"https:\/\/ursus.ee\/en\/wp-json\/wp\/v2\/product\/13485","targetHints":{"allow":["GET"]}}],"collection":[{"href":"https:\/\/ursus.ee\/en\/wp-json\/wp\/v2\/product"}],"about":[{"href":"https:\/\/ursus.ee\/en\/wp-json\/wp\/v2\/types\/product"}],"replies":[{"embeddable":true,"href":"https:\/\/ursus.ee\/en\/wp-json\/wp\/v2\/comments?post=13485"}],"wp:featuredmedia":[{"embeddable":true,"href":"https:\/\/ursus.ee\/en\/wp-json\/wp\/v2\/media\/13486"}],"wp:attachment":[{"href":"https:\/\/ursus.ee\/en\/wp-json\/wp\/v2\/media?parent=13485"}],"wp:term":[{"taxonomy":"product_brand","embeddable":true,"href":"https:\/\/ursus.ee\/en\/wp-json\/wp\/v2\/product_brand?post=13485"},{"taxonomy":"product_cat","embeddable":true,"href":"https:\/\/ursus.ee\/en\/wp-json\/wp\/v2\/product_cat?post=13485"},{"taxonomy":"product_tag","embeddable":true,"href":"https:\/\/ursus.ee\/en\/wp-json\/wp\/v2\/product_tag?post=13485"}],"curies":[{"name":"wp","href":"https:\/\/api.w.org\/{rel}","templated":true}]}}