{"id":13483,"date":"2025-12-16T19:16:03","date_gmt":"2025-12-16T17:16:03","guid":{"rendered":"https:\/\/ursus.ee\/toode\/karupalsam-lihas-ja-liigesevalude-vastu\/"},"modified":"2026-03-30T09:14:17","modified_gmt":"2026-03-30T06:14:17","slug":"karupalsam-lihas-ja-liigesevalude-vastu","status":"publish","type":"product","link":"https:\/\/ursus.ee\/en\/toode\/karupalsam-lihas-ja-liigesevalude-vastu\/","title":{"rendered":"Karupalsam lihas- ja liigesevalude vastu"},"content":{"rendered":"<p>Karupalsam sisaldab kamprit ning looduslikke taimede ja \u00fcrtide ekstrakte nagu t\u0161illipipar, kummel, arnika ja lavendel. Palsam on m\u00f5eldud nahahoolduseks ja liigeste massaa\u017eiks. Palsamil on soojendav ja l\u00f5\u00f5gastav toime. Kreem on sobiv kasutamiseks k\u00f5ikidel liigestel &#8211; p\u00f5lved, puusad, \u00f5lad, k\u00e4ed ning l\u00fclisammas.<\/p>\n","protected":false},"excerpt":{"rendered":"<p>Karupalsam sisaldab kamprit ning looduslikke taimede ja \u00fcrtide ekstrakte nagu t\u0161illipipar, kummel, arnika ja lavendel. Palsam on m\u00f5eldud nahahoolduseks ja liigeste massaa\u017eiks. Palsamil on soojendav ja l\u00f5\u00f5gastav toime. Kreem on sobiv kasutamiseks k\u00f5ikidel liigestel &#8211; p\u00f5lved, puusad, \u00f5lad, k\u00e4ed ning l\u00fclisammas.<\/p>\n","protected":false},"featured_media":13484,"comment_status":"closed","ping_status":"closed","template":"","meta":{"_acf_changed":false},"product_brand":[624],"product_cat":[244,262],"product_tag":[],"class_list":{"0":"post-13483","1":"product","2":"type-product","3":"status-publish","4":"has-post-thumbnail","6":"product_brand-herbamedicus","7":"product_cat-kehahooldus","8":"product_cat-kehakreemid","9":"pa_kogus-250-ml","10":"pa_koostis-aqua-alcohol-denat-glycerin-carbomer-capsicum-annuum-fruit-extract-chamomilla-recutita-matricaria-flower-extract-symphytum-officinale-root-extract-arnica-montana-flower-extract-lavandula-a","11":"pa_paritolumaa-saksamaa","12":"pa_uhik-ml","14":"first","15":"instock","16":"purchasable","17":"product-type-simple"},"acf":[],"_links":{"self":[{"href":"https:\/\/ursus.ee\/en\/wp-json\/wp\/v2\/product\/13483","targetHints":{"allow":["GET"]}}],"collection":[{"href":"https:\/\/ursus.ee\/en\/wp-json\/wp\/v2\/product"}],"about":[{"href":"https:\/\/ursus.ee\/en\/wp-json\/wp\/v2\/types\/product"}],"replies":[{"embeddable":true,"href":"https:\/\/ursus.ee\/en\/wp-json\/wp\/v2\/comments?post=13483"}],"wp:featuredmedia":[{"embeddable":true,"href":"https:\/\/ursus.ee\/en\/wp-json\/wp\/v2\/media\/13484"}],"wp:attachment":[{"href":"https:\/\/ursus.ee\/en\/wp-json\/wp\/v2\/media?parent=13483"}],"wp:term":[{"taxonomy":"product_brand","embeddable":true,"href":"https:\/\/ursus.ee\/en\/wp-json\/wp\/v2\/product_brand?post=13483"},{"taxonomy":"product_cat","embeddable":true,"href":"https:\/\/ursus.ee\/en\/wp-json\/wp\/v2\/product_cat?post=13483"},{"taxonomy":"product_tag","embeddable":true,"href":"https:\/\/ursus.ee\/en\/wp-json\/wp\/v2\/product_tag?post=13483"}],"curies":[{"name":"wp","href":"https:\/\/api.w.org\/{rel}","templated":true}]}}