{"id":13478,"date":"2025-12-16T19:16:03","date_gmt":"2025-12-16T17:16:03","guid":{"rendered":"https:\/\/ursus.ee\/toode\/hobusepalsam-kehale-hot\/"},"modified":"2026-03-30T09:13:44","modified_gmt":"2026-03-30T06:13:44","slug":"hobusepalsam-kehale-hot","status":"publish","type":"product","link":"https:\/\/ursus.ee\/en\/toode\/hobusepalsam-kehale-hot\/","title":{"rendered":"Hobusepalsam kehale &#8220;HOT&#8221;"},"content":{"rendered":"<p>Soojendava ja l\u00f5\u00f5gastava toimega palsam sisaldab arnika- ja kampriekstrakti, t\u0161illipipart ja rosmariini. Kehakreem on sobilik nahahoolduseks ja liigeste massaa\u017eiks. V\u00e4\u00e4rtuslikud taimeekstraktid tekitavad nahal soojatunde.<\/p>\n","protected":false},"excerpt":{"rendered":"<p>Soojendava ja l\u00f5\u00f5gastava toimega palsam sisaldab arnika- ja kampriekstrakti, t\u0161illipipart ja rosmariini. Kehakreem on sobilik nahahoolduseks ja liigeste massaa\u017eiks. V\u00e4\u00e4rtuslikud taimeekstraktid tekitavad nahal soojatunde.<\/p>\n","protected":false},"featured_media":13479,"comment_status":"closed","ping_status":"closed","template":"","meta":{"_acf_changed":false},"product_brand":[624],"product_cat":[244,262],"product_tag":[],"class_list":{"0":"post-13478","1":"product","2":"type-product","3":"status-publish","4":"has-post-thumbnail","6":"product_brand-herbamedicus","7":"product_cat-kehahooldus","8":"product_cat-kehakreemid","9":"pa_kogus-500-ml","10":"pa_koostis-aqua-alcohol-denat-ppg-1-peg-9-lauryl-glycol-ether-carbomer-propylene-glycol-arnica-montana-flower-extract-camphor-capsicum-frutenscens-extrakt-rosmarinus-officinalis-flower-oil-phenoxyeth","11":"pa_paritolumaa-saksamaa","12":"pa_uhik-ml","14":"first","15":"instock","16":"taxable","17":"shipping-taxable","18":"purchasable","19":"product-type-simple"},"acf":[],"_links":{"self":[{"href":"https:\/\/ursus.ee\/en\/wp-json\/wp\/v2\/product\/13478","targetHints":{"allow":["GET"]}}],"collection":[{"href":"https:\/\/ursus.ee\/en\/wp-json\/wp\/v2\/product"}],"about":[{"href":"https:\/\/ursus.ee\/en\/wp-json\/wp\/v2\/types\/product"}],"replies":[{"embeddable":true,"href":"https:\/\/ursus.ee\/en\/wp-json\/wp\/v2\/comments?post=13478"}],"wp:featuredmedia":[{"embeddable":true,"href":"https:\/\/ursus.ee\/en\/wp-json\/wp\/v2\/media\/13479"}],"wp:attachment":[{"href":"https:\/\/ursus.ee\/en\/wp-json\/wp\/v2\/media?parent=13478"}],"wp:term":[{"taxonomy":"product_brand","embeddable":true,"href":"https:\/\/ursus.ee\/en\/wp-json\/wp\/v2\/product_brand?post=13478"},{"taxonomy":"product_cat","embeddable":true,"href":"https:\/\/ursus.ee\/en\/wp-json\/wp\/v2\/product_cat?post=13478"},{"taxonomy":"product_tag","embeddable":true,"href":"https:\/\/ursus.ee\/en\/wp-json\/wp\/v2\/product_tag?post=13478"}],"curies":[{"name":"wp","href":"https:\/\/api.w.org\/{rel}","templated":true}]}}