{"id":13477,"date":"2025-12-16T19:16:03","date_gmt":"2025-12-16T17:16:03","guid":{"rendered":"https:\/\/ursus.ee\/toode\/hobusepalsam-kehale-jahutav-efekt\/"},"modified":"2026-03-27T16:23:55","modified_gmt":"2026-03-27T14:23:55","slug":"hobusepalsam-kehale-jahutav-efekt","status":"publish","type":"product","link":"https:\/\/ursus.ee\/en\/toode\/hobusepalsam-kehale-jahutav-efekt\/","title":{"rendered":"Hobusepalsam kehale jahutav efekt"},"content":{"rendered":"<p>Jahutava ja l\u00f5\u00f5gastava toimega palsam sisaldab kampri- ja arnikaekstrakti. Kehakreem on sobilik nahahoolduseks ja liigeste massaa\u017eiks. V\u00e4\u00e4rtuslikud taimeekstraktid tekitavad nahal meeldiva jahutava tunde.<\/p>\n","protected":false},"excerpt":{"rendered":"<p>Jahutava ja l\u00f5\u00f5gastava toimega palsam sisaldab kampri- ja arnikaekstrakti. Kehakreem on sobilik nahahoolduseks ja liigeste massaa\u017eiks. V\u00e4\u00e4rtuslikud taimeekstraktid tekitavad nahal meeldiva jahutava tunde.<\/p>\n","protected":false},"featured_media":13706,"comment_status":"closed","ping_status":"closed","template":"","meta":{"_acf_changed":false},"product_brand":[624],"product_cat":[244,262],"product_tag":[],"class_list":{"0":"post-13477","1":"product","2":"type-product","3":"status-publish","4":"has-post-thumbnail","6":"product_brand-herbamedicus","7":"product_cat-kehahooldus","8":"product_cat-kehakreemid","9":"pa_kogus-500-ml","10":"pa_koostis-aqua-alcohol-denat-polysorbat-20-carbomer-propylene-glycol-arnica-montana-flower-extract-menthol-camphor-menta-piperita-herb-oil-ci-42090-19140-sodium-benzoate-potassium-sorbate-sodium","11":"pa_paritolumaa-saksamaa","12":"pa_uhik-ml","14":"first","15":"instock","16":"purchasable","17":"product-type-simple"},"acf":[],"_links":{"self":[{"href":"https:\/\/ursus.ee\/en\/wp-json\/wp\/v2\/product\/13477","targetHints":{"allow":["GET"]}}],"collection":[{"href":"https:\/\/ursus.ee\/en\/wp-json\/wp\/v2\/product"}],"about":[{"href":"https:\/\/ursus.ee\/en\/wp-json\/wp\/v2\/types\/product"}],"replies":[{"embeddable":true,"href":"https:\/\/ursus.ee\/en\/wp-json\/wp\/v2\/comments?post=13477"}],"wp:featuredmedia":[{"embeddable":true,"href":"https:\/\/ursus.ee\/en\/wp-json\/wp\/v2\/media\/13706"}],"wp:attachment":[{"href":"https:\/\/ursus.ee\/en\/wp-json\/wp\/v2\/media?parent=13477"}],"wp:term":[{"taxonomy":"product_brand","embeddable":true,"href":"https:\/\/ursus.ee\/en\/wp-json\/wp\/v2\/product_brand?post=13477"},{"taxonomy":"product_cat","embeddable":true,"href":"https:\/\/ursus.ee\/en\/wp-json\/wp\/v2\/product_cat?post=13477"},{"taxonomy":"product_tag","embeddable":true,"href":"https:\/\/ursus.ee\/en\/wp-json\/wp\/v2\/product_tag?post=13477"}],"curies":[{"name":"wp","href":"https:\/\/api.w.org\/{rel}","templated":true}]}}