{"id":13475,"date":"2025-12-16T19:16:03","date_gmt":"2025-12-16T17:16:03","guid":{"rendered":"https:\/\/ursus.ee\/toode\/kehakreem-astelpajuga\/"},"modified":"2026-03-27T16:23:56","modified_gmt":"2026-03-27T14:23:56","slug":"kehakreem-astelpajuga","status":"publish","type":"product","link":"https:\/\/ursus.ee\/en\/toode\/kehakreem-astelpajuga\/","title":{"rendered":"Kehakreem astelpajuga"},"content":{"rendered":"<p>Kehakreem astelpajuga sisaldab f\u00fcsioloogiliselt aktiivseid aineid ja vitamiine, mis aitavad taastada kurnatud, karedat v\u00f5i vigastatud nahka (n\u00e4it. p\u00e4ikesep\u00f5letus).<\/p>\n","protected":false},"excerpt":{"rendered":"<p>Kehakreem astelpajuga sisaldab f\u00fcsioloogiliselt aktiivseid aineid ja vitamiine, mis aitavad taastada kurnatud, karedat v\u00f5i vigastatud nahka (n\u00e4it. p\u00e4ikesep\u00f5letus).<\/p>\n","protected":false},"featured_media":13476,"comment_status":"closed","ping_status":"closed","template":"","meta":{"_acf_changed":false},"product_brand":[624],"product_cat":[244,262],"product_tag":[],"class_list":{"0":"post-13475","1":"product","2":"type-product","3":"status-publish","4":"has-post-thumbnail","6":"product_brand-herbamedicus","7":"product_cat-kehahooldus","8":"product_cat-kehakreemid","9":"pa_kogus-250-ml","10":"pa_koostis-aqua-ethylhexyl-stearate-isopropyl-myristate-cetyl-alcohol-glyceryl-stearate-se-glycerin-hippophae-rhamnoides-fruit-extract-phenoxyethanol-carbomer-parfum-sodium-hydroxide-ethylhexylglyce","11":"pa_paritolumaa-saksamaa","12":"pa_uhik-ml","14":"first","15":"instock","16":"purchasable","17":"product-type-simple"},"acf":[],"_links":{"self":[{"href":"https:\/\/ursus.ee\/en\/wp-json\/wp\/v2\/product\/13475","targetHints":{"allow":["GET"]}}],"collection":[{"href":"https:\/\/ursus.ee\/en\/wp-json\/wp\/v2\/product"}],"about":[{"href":"https:\/\/ursus.ee\/en\/wp-json\/wp\/v2\/types\/product"}],"replies":[{"embeddable":true,"href":"https:\/\/ursus.ee\/en\/wp-json\/wp\/v2\/comments?post=13475"}],"wp:featuredmedia":[{"embeddable":true,"href":"https:\/\/ursus.ee\/en\/wp-json\/wp\/v2\/media\/13476"}],"wp:attachment":[{"href":"https:\/\/ursus.ee\/en\/wp-json\/wp\/v2\/media?parent=13475"}],"wp:term":[{"taxonomy":"product_brand","embeddable":true,"href":"https:\/\/ursus.ee\/en\/wp-json\/wp\/v2\/product_brand?post=13475"},{"taxonomy":"product_cat","embeddable":true,"href":"https:\/\/ursus.ee\/en\/wp-json\/wp\/v2\/product_cat?post=13475"},{"taxonomy":"product_tag","embeddable":true,"href":"https:\/\/ursus.ee\/en\/wp-json\/wp\/v2\/product_tag?post=13475"}],"curies":[{"name":"wp","href":"https:\/\/api.w.org\/{rel}","templated":true}]}}