{"id":13473,"date":"2025-12-16T19:16:03","date_gmt":"2025-12-16T17:16:03","guid":{"rendered":"https:\/\/ursus.ee\/toode\/kehakreem-oliivoliga\/"},"modified":"2026-03-27T16:23:56","modified_gmt":"2026-03-27T14:23:56","slug":"kehakreem-oliivoliga","status":"publish","type":"product","link":"https:\/\/ursus.ee\/en\/toode\/kehakreem-oliivoliga\/","title":{"rendered":"Kehakreem oliiv\u00f5liga"},"content":{"rendered":"<p>Oliivi\u00f5liga kreemi koostis on rikkalik ning h\u00e4sti tasakaalustatud rasva- ja niiskussisaldusega. Kreem sobib keha- ja n\u00e4onaha hooldamiseks p\u00e4eval ja \u00f6\u00f6sel.<\/p>\n","protected":false},"excerpt":{"rendered":"<p>Oliivi\u00f5liga kreemi koostis on rikkalik ning h\u00e4sti tasakaalustatud rasva- ja niiskussisaldusega. Kreem sobib keha- ja n\u00e4onaha hooldamiseks p\u00e4eval ja \u00f6\u00f6sel.<\/p>\n","protected":false},"featured_media":13474,"comment_status":"closed","ping_status":"closed","template":"","meta":{"_acf_changed":false},"product_brand":[624],"product_cat":[244,262],"product_tag":[],"class_list":{"0":"post-13473","1":"product","2":"type-product","3":"status-publish","4":"has-post-thumbnail","6":"product_brand-herbamedicus","7":"product_cat-kehahooldus","8":"product_cat-kehakreemid","9":"pa_kogus-250-ml","10":"pa_koostis-aqua-ethylhexyl-stearate-isopropyl-myristate-cetyl-alcohol-glyceryl-stearate-se-glycerin-olea-europaea-leaf-oil-phenoxyethanol-carbomer-parfum-sodium-hydroxide-ethylhexylglycerin","11":"pa_paritolumaa-saksamaa","12":"pa_uhik-ml","14":"first","15":"instock","16":"purchasable","17":"product-type-simple"},"acf":[],"_links":{"self":[{"href":"https:\/\/ursus.ee\/en\/wp-json\/wp\/v2\/product\/13473","targetHints":{"allow":["GET"]}}],"collection":[{"href":"https:\/\/ursus.ee\/en\/wp-json\/wp\/v2\/product"}],"about":[{"href":"https:\/\/ursus.ee\/en\/wp-json\/wp\/v2\/types\/product"}],"replies":[{"embeddable":true,"href":"https:\/\/ursus.ee\/en\/wp-json\/wp\/v2\/comments?post=13473"}],"wp:featuredmedia":[{"embeddable":true,"href":"https:\/\/ursus.ee\/en\/wp-json\/wp\/v2\/media\/13474"}],"wp:attachment":[{"href":"https:\/\/ursus.ee\/en\/wp-json\/wp\/v2\/media?parent=13473"}],"wp:term":[{"taxonomy":"product_brand","embeddable":true,"href":"https:\/\/ursus.ee\/en\/wp-json\/wp\/v2\/product_brand?post=13473"},{"taxonomy":"product_cat","embeddable":true,"href":"https:\/\/ursus.ee\/en\/wp-json\/wp\/v2\/product_cat?post=13473"},{"taxonomy":"product_tag","embeddable":true,"href":"https:\/\/ursus.ee\/en\/wp-json\/wp\/v2\/product_tag?post=13473"}],"curies":[{"name":"wp","href":"https:\/\/api.w.org\/{rel}","templated":true}]}}