{"id":13471,"date":"2025-12-16T19:16:03","date_gmt":"2025-12-16T17:16:03","guid":{"rendered":"https:\/\/ursus.ee\/toode\/kehapalsam-saialillega\/"},"modified":"2026-03-27T16:23:56","modified_gmt":"2026-03-27T14:23:56","slug":"kehapalsam-saialillega","status":"publish","type":"product","link":"https:\/\/ursus.ee\/en\/toode\/kehapalsam-saialillega\/","title":{"rendered":"Kehapalsam saialillega"},"content":{"rendered":"<p>Kehapalsam saialillega kaitseb kuiva ja l\u00f5henenud nahka. Sobib h\u00e4sti naha igap\u00e4evaseks hoolduseks v\u00e4ikelastele ja eakatele.<\/p>\n","protected":false},"excerpt":{"rendered":"<p>Kehapalsam saialillega kaitseb kuiva ja l\u00f5henenud nahka. Sobib h\u00e4sti naha igap\u00e4evaseks hoolduseks v\u00e4ikelastele ja eakatele.<\/p>\n","protected":false},"featured_media":13472,"comment_status":"closed","ping_status":"closed","template":"","meta":{"_acf_changed":false},"product_brand":[624],"product_cat":[244,262],"product_tag":[],"class_list":{"0":"post-13471","1":"product","2":"type-product","3":"status-publish","4":"has-post-thumbnail","6":"product_brand-herbamedicus","7":"product_cat-kehahooldus","8":"product_cat-kehakreemid","9":"pa_kogus-250-ml","10":"pa_koostis-petrolatum-paraffinum-liquidum-glycine-soja-soybean-oil-calendula-officinalis-flower-extract-parfum-ci-40800","11":"pa_paritolumaa-saksamaa","12":"pa_uhik-ml","14":"first","15":"instock","16":"purchasable","17":"product-type-simple"},"acf":[],"_links":{"self":[{"href":"https:\/\/ursus.ee\/en\/wp-json\/wp\/v2\/product\/13471","targetHints":{"allow":["GET"]}}],"collection":[{"href":"https:\/\/ursus.ee\/en\/wp-json\/wp\/v2\/product"}],"about":[{"href":"https:\/\/ursus.ee\/en\/wp-json\/wp\/v2\/types\/product"}],"replies":[{"embeddable":true,"href":"https:\/\/ursus.ee\/en\/wp-json\/wp\/v2\/comments?post=13471"}],"wp:featuredmedia":[{"embeddable":true,"href":"https:\/\/ursus.ee\/en\/wp-json\/wp\/v2\/media\/13472"}],"wp:attachment":[{"href":"https:\/\/ursus.ee\/en\/wp-json\/wp\/v2\/media?parent=13471"}],"wp:term":[{"taxonomy":"product_brand","embeddable":true,"href":"https:\/\/ursus.ee\/en\/wp-json\/wp\/v2\/product_brand?post=13471"},{"taxonomy":"product_cat","embeddable":true,"href":"https:\/\/ursus.ee\/en\/wp-json\/wp\/v2\/product_cat?post=13471"},{"taxonomy":"product_tag","embeddable":true,"href":"https:\/\/ursus.ee\/en\/wp-json\/wp\/v2\/product_tag?post=13471"}],"curies":[{"name":"wp","href":"https:\/\/api.w.org\/{rel}","templated":true}]}}