{"id":13464,"date":"2025-12-16T19:16:03","date_gmt":"2025-12-16T17:16:03","guid":{"rendered":"https:\/\/ursus.ee\/toode\/jaageel-mentooliga\/"},"modified":"2026-03-27T16:23:55","modified_gmt":"2026-03-27T14:23:55","slug":"jaageel-mentooliga","status":"publish","type":"product","link":"https:\/\/ursus.ee\/en\/toode\/jaageel-mentooliga\/","title":{"rendered":"J\u00e4\u00e4geel mentooliga"},"content":{"rendered":"<p>K\u00fclmageel leevendab valu ja p\u00f5letikke. Alandab turset venituste, rebestuste ja pehmekoe vigastuste korral. Leevendab lihaspingeid.Kiirenda lihaste taastumist koormuse j\u00e4rgselt. V\u00f5ib kasutada ka erinevate taastusraviseansside j\u00e4rgselt.<\/p>\n","protected":false},"excerpt":{"rendered":"<p>K\u00fclmageel leevendab valu ja p\u00f5letikke. Alandab turset venituste, rebestuste ja pehmekoe vigastuste korral. Leevendab lihaspingeid.Kiirenda lihaste taastumist koormuse j\u00e4rgselt. V\u00f5ib kasutada ka erinevate taastusraviseansside j\u00e4rgselt.<\/p>\n","protected":false},"featured_media":13465,"comment_status":"closed","ping_status":"open","template":"","meta":{"_acf_changed":false},"product_brand":[582],"product_cat":[244,262],"product_tag":[],"class_list":{"0":"post-13464","1":"product","2":"type-product","3":"status-publish","4":"has-post-thumbnail","6":"product_brand-schmees","7":"product_cat-kehahooldus","8":"product_cat-kehakreemid","9":"pa_kogus-100-ml","10":"pa_koostis-aqua-alcohol-denat-propylene-glycol-glycerin-ppg-1-peg-9-lauryl-glycol-ether-sodium-hydroxide-carbomer-menthol-panthenol-mentha-piperita-herb-oil-cl-42090","11":"pa_paritolumaa-saksamaa","12":"pa_uhik-ml","14":"first","15":"instock","16":"purchasable","17":"product-type-simple"},"acf":[],"_links":{"self":[{"href":"https:\/\/ursus.ee\/en\/wp-json\/wp\/v2\/product\/13464","targetHints":{"allow":["GET"]}}],"collection":[{"href":"https:\/\/ursus.ee\/en\/wp-json\/wp\/v2\/product"}],"about":[{"href":"https:\/\/ursus.ee\/en\/wp-json\/wp\/v2\/types\/product"}],"replies":[{"embeddable":true,"href":"https:\/\/ursus.ee\/en\/wp-json\/wp\/v2\/comments?post=13464"}],"wp:featuredmedia":[{"embeddable":true,"href":"https:\/\/ursus.ee\/en\/wp-json\/wp\/v2\/media\/13465"}],"wp:attachment":[{"href":"https:\/\/ursus.ee\/en\/wp-json\/wp\/v2\/media?parent=13464"}],"wp:term":[{"taxonomy":"product_brand","embeddable":true,"href":"https:\/\/ursus.ee\/en\/wp-json\/wp\/v2\/product_brand?post=13464"},{"taxonomy":"product_cat","embeddable":true,"href":"https:\/\/ursus.ee\/en\/wp-json\/wp\/v2\/product_cat?post=13464"},{"taxonomy":"product_tag","embeddable":true,"href":"https:\/\/ursus.ee\/en\/wp-json\/wp\/v2\/product_tag?post=13464"}],"curies":[{"name":"wp","href":"https:\/\/api.w.org\/{rel}","templated":true}]}}