{"id":13462,"date":"2025-12-16T19:16:03","date_gmt":"2025-12-16T17:16:03","guid":{"rendered":"https:\/\/ursus.ee\/toode\/kate-ja-kuuntekreem-aaloe\/"},"modified":"2026-03-27T16:24:27","modified_gmt":"2026-03-27T14:24:27","slug":"kate-ja-kuuntekreem-aaloe","status":"publish","type":"product","link":"https:\/\/ursus.ee\/en\/toode\/kate-ja-kuuntekreem-aaloe\/","title":{"rendered":"K\u00e4te- ja k\u00fc\u00fcntekreem Aaloe"},"content":{"rendered":"<p>Aaloe verat sisaldav k\u00e4te- ja k\u00fc\u00fcntekreem pakub igap\u00e4evast hooldust ja kaitset k\u00e4tele ning k\u00fc\u00fcntele. Meeldiva v\u00e4rske l\u00f5hnaga kiiresti imenduv kreem sisaldab aaloe veerat, mis rahustab nahka. Niiskusk\u00fcllane gl\u00fctseriini ja vitamiin B5 sisaldusega kreem niisutab ning hooldab nahka ja muudab k\u00fc\u00fcned elastseks ning tugevaks.<\/p>\n","protected":false},"excerpt":{"rendered":"<p>Aaloe verat sisaldav k\u00e4te- ja k\u00fc\u00fcntekreem pakub igap\u00e4evast hooldust ja kaitset k\u00e4tele ning k\u00fc\u00fcntele. Meeldiva v\u00e4rske l\u00f5hnaga kiiresti imenduv kreem sisaldab aaloe veerat, mis rahustab nahka. Niiskusk\u00fcllane gl\u00fctseriini ja vitamiin B5 sisaldusega kreem niisutab ning hooldab nahka ja muudab k\u00fc\u00fcned elastseks ning tugevaks.<\/p>\n","protected":false},"featured_media":13463,"comment_status":"closed","ping_status":"closed","template":"","meta":{"_acf_changed":false},"product_brand":[624],"product_cat":[244,507],"product_tag":[],"class_list":{"0":"post-13462","1":"product","2":"type-product","3":"status-publish","4":"has-post-thumbnail","6":"product_brand-herbamedicus","7":"product_cat-kehahooldus","8":"product_cat-kate-ja-jalahooldus","9":"pa_kogus-125-ml","10":"pa_koostis-aqua-ethylhexyl-stearate-isopropylmyristat-glycerin-cetyl-alcohol-glyceryl-stearate-se-aloe-barbadensis-leaf-juice-powder-phenoxyethanol-panthenol-carbomer-sodium-hydroxide-parfum-ethylhe","11":"pa_paritolumaa-saksamaa","12":"pa_uhik-ml","14":"first","15":"instock","16":"purchasable","17":"product-type-simple"},"acf":[],"_links":{"self":[{"href":"https:\/\/ursus.ee\/en\/wp-json\/wp\/v2\/product\/13462","targetHints":{"allow":["GET"]}}],"collection":[{"href":"https:\/\/ursus.ee\/en\/wp-json\/wp\/v2\/product"}],"about":[{"href":"https:\/\/ursus.ee\/en\/wp-json\/wp\/v2\/types\/product"}],"replies":[{"embeddable":true,"href":"https:\/\/ursus.ee\/en\/wp-json\/wp\/v2\/comments?post=13462"}],"wp:featuredmedia":[{"embeddable":true,"href":"https:\/\/ursus.ee\/en\/wp-json\/wp\/v2\/media\/13463"}],"wp:attachment":[{"href":"https:\/\/ursus.ee\/en\/wp-json\/wp\/v2\/media?parent=13462"}],"wp:term":[{"taxonomy":"product_brand","embeddable":true,"href":"https:\/\/ursus.ee\/en\/wp-json\/wp\/v2\/product_brand?post=13462"},{"taxonomy":"product_cat","embeddable":true,"href":"https:\/\/ursus.ee\/en\/wp-json\/wp\/v2\/product_cat?post=13462"},{"taxonomy":"product_tag","embeddable":true,"href":"https:\/\/ursus.ee\/en\/wp-json\/wp\/v2\/product_tag?post=13462"}],"curies":[{"name":"wp","href":"https:\/\/api.w.org\/{rel}","templated":true}]}}