{"id":13460,"date":"2025-12-16T19:16:03","date_gmt":"2025-12-16T17:16:03","guid":{"rendered":"https:\/\/ursus.ee\/toode\/katekreem-kummel-tundlikule-nahale\/"},"modified":"2026-03-27T16:24:27","modified_gmt":"2026-03-27T14:24:27","slug":"katekreem-kummel-tundlikule-nahale","status":"publish","type":"product","link":"https:\/\/ursus.ee\/en\/toode\/katekreem-kummel-tundlikule-nahale\/","title":{"rendered":"K\u00e4tekreem Kummel tundlikule nahale"},"content":{"rendered":"<p>Kummelit sisaldav k\u00e4tekreem pakub igap\u00e4evast kaitset ja hooldust tundlikele ning v\u00e4sinud k\u00e4tele. Meeldiva l\u00f5hnaga niiskusk\u00fcllane gl\u00fctseriini ja kummeliekstrakti sisaldav koostis niisutab ja rahustab v\u00e4sinud ja kuiva nahka.<\/p>\n","protected":false},"excerpt":{"rendered":"<p>Kummelit sisaldav k\u00e4tekreem pakub igap\u00e4evast kaitset ja hooldust tundlikele ning v\u00e4sinud k\u00e4tele. Meeldiva l\u00f5hnaga niiskusk\u00fcllane gl\u00fctseriini ja kummeliekstrakti sisaldav koostis niisutab ja rahustab v\u00e4sinud ja kuiva nahka.<\/p>\n","protected":false},"featured_media":13461,"comment_status":"closed","ping_status":"closed","template":"","meta":{"_acf_changed":false},"product_brand":[624],"product_cat":[244,507],"product_tag":[],"class_list":{"0":"post-13460","1":"product","2":"type-product","3":"status-publish","4":"has-post-thumbnail","6":"product_brand-herbamedicus","7":"product_cat-kehahooldus","8":"product_cat-kate-ja-jalahooldus","9":"pa_kogus-125-ml","10":"pa_koostis-aqua-ethylhexyl-stearate-isopropylmyristat-glycerin-cetyl-alcohol-glyceryl-stearate-se-phenoxyethanol-panthenol-carbomer-parfum-propylene-glycol-chamomille-recutita-matricaria-flower-ext","11":"pa_paritolumaa-saksamaa","12":"pa_uhik-ml","14":"first","15":"instock","16":"purchasable","17":"product-type-simple"},"acf":[],"_links":{"self":[{"href":"https:\/\/ursus.ee\/en\/wp-json\/wp\/v2\/product\/13460","targetHints":{"allow":["GET"]}}],"collection":[{"href":"https:\/\/ursus.ee\/en\/wp-json\/wp\/v2\/product"}],"about":[{"href":"https:\/\/ursus.ee\/en\/wp-json\/wp\/v2\/types\/product"}],"replies":[{"embeddable":true,"href":"https:\/\/ursus.ee\/en\/wp-json\/wp\/v2\/comments?post=13460"}],"wp:featuredmedia":[{"embeddable":true,"href":"https:\/\/ursus.ee\/en\/wp-json\/wp\/v2\/media\/13461"}],"wp:attachment":[{"href":"https:\/\/ursus.ee\/en\/wp-json\/wp\/v2\/media?parent=13460"}],"wp:term":[{"taxonomy":"product_brand","embeddable":true,"href":"https:\/\/ursus.ee\/en\/wp-json\/wp\/v2\/product_brand?post=13460"},{"taxonomy":"product_cat","embeddable":true,"href":"https:\/\/ursus.ee\/en\/wp-json\/wp\/v2\/product_cat?post=13460"},{"taxonomy":"product_tag","embeddable":true,"href":"https:\/\/ursus.ee\/en\/wp-json\/wp\/v2\/product_tag?post=13460"}],"curies":[{"name":"wp","href":"https:\/\/api.w.org\/{rel}","templated":true}]}}