{"id":13456,"date":"2025-12-16T19:16:03","date_gmt":"2025-12-16T17:16:03","guid":{"rendered":"https:\/\/ursus.ee\/toode\/vannivaht-rosmariin\/"},"modified":"2026-03-27T16:25:29","modified_gmt":"2026-03-27T14:25:29","slug":"vannivaht-rosmariin","status":"publish","type":"product","link":"https:\/\/ursus.ee\/en\/toode\/vannivaht-rosmariin\/","title":{"rendered":"Vannivaht Rosmariin"},"content":{"rendered":"<p>Vannivaht loodusliku rosmariini ekstraktiga. Rosmariini\u00f5li hooldab nahka ning on ergutava toimega. Toniseerivaks vannisk\u00e4iguks piisab v\u00e4hese koguse vannivahu lisamisest vanniveele.<\/p>\n","protected":false},"excerpt":{"rendered":"<p>Vannivaht loodusliku rosmariini ekstraktiga. Rosmariini\u00f5li hooldab nahka ning on ergutava toimega. Toniseerivaks vannisk\u00e4iguks piisab v\u00e4hese koguse vannivahu lisamisest vanniveele.<\/p>\n","protected":false},"featured_media":13457,"comment_status":"closed","ping_status":"closed","template":"","meta":{"_acf_changed":false},"product_brand":[624],"product_cat":[244,369],"product_tag":[],"class_list":{"0":"post-13456","1":"product","2":"type-product","3":"status-publish","4":"has-post-thumbnail","6":"product_brand-herbamedicus","7":"product_cat-kehahooldus","8":"product_cat-dusigeelid-seebid-vannivahud","9":"pa_kogus-500-ml","10":"pa_koostis-aqua-sodium-laureth-sulfate-sodium-chloride-cocamidopropyl-betaine-polysorbate-20-rosmarinus-officinalis-leaf-oil-sodium-benzoate-citric-acid-potassium-sorbate-ci-16255-ci-51319-limonene","11":"pa_paritolumaa-saksamaa","12":"pa_uhik-ml","14":"first","15":"instock","16":"purchasable","17":"product-type-simple"},"acf":[],"_links":{"self":[{"href":"https:\/\/ursus.ee\/en\/wp-json\/wp\/v2\/product\/13456","targetHints":{"allow":["GET"]}}],"collection":[{"href":"https:\/\/ursus.ee\/en\/wp-json\/wp\/v2\/product"}],"about":[{"href":"https:\/\/ursus.ee\/en\/wp-json\/wp\/v2\/types\/product"}],"replies":[{"embeddable":true,"href":"https:\/\/ursus.ee\/en\/wp-json\/wp\/v2\/comments?post=13456"}],"wp:featuredmedia":[{"embeddable":true,"href":"https:\/\/ursus.ee\/en\/wp-json\/wp\/v2\/media\/13457"}],"wp:attachment":[{"href":"https:\/\/ursus.ee\/en\/wp-json\/wp\/v2\/media?parent=13456"}],"wp:term":[{"taxonomy":"product_brand","embeddable":true,"href":"https:\/\/ursus.ee\/en\/wp-json\/wp\/v2\/product_brand?post=13456"},{"taxonomy":"product_cat","embeddable":true,"href":"https:\/\/ursus.ee\/en\/wp-json\/wp\/v2\/product_cat?post=13456"},{"taxonomy":"product_tag","embeddable":true,"href":"https:\/\/ursus.ee\/en\/wp-json\/wp\/v2\/product_tag?post=13456"}],"curies":[{"name":"wp","href":"https:\/\/api.w.org\/{rel}","templated":true}]}}