{"id":13450,"date":"2025-12-16T19:16:03","date_gmt":"2025-12-16T17:16:03","guid":{"rendered":"https:\/\/ursus.ee\/toode\/dusigeel-piim-mesi\/"},"modified":"2026-03-27T16:25:28","modified_gmt":"2026-03-27T14:25:28","slug":"dusigeel-piim-mesi","status":"publish","type":"product","link":"https:\/\/ursus.ee\/en\/toode\/dusigeel-piim-mesi\/","title":{"rendered":"Du\u0161igeel Piim &#038; Mesi"},"content":{"rendered":"<p>Meeldiva ja loomuliku piima ja mee l\u00f5hnaga du\u0161igeel igap\u00e4evaseks kasutamiseks. Puhastab ja hooldab nahka hellalt ning niisutavad ained v\u00e4ldivad naha kuivamist.<\/p>\n","protected":false},"excerpt":{"rendered":"<p>Meeldiva ja loomuliku piima ja mee l\u00f5hnaga du\u0161igeel igap\u00e4evaseks kasutamiseks. Puhastab ja hooldab nahka hellalt ning niisutavad ained v\u00e4ldivad naha kuivamist.<\/p>\n","protected":false},"featured_media":13451,"comment_status":"closed","ping_status":"closed","template":"","meta":{"_acf_changed":false},"product_brand":[625],"product_cat":[244,369],"product_tag":[],"class_list":{"0":"post-13450","1":"product","2":"type-product","3":"status-publish","4":"has-post-thumbnail","6":"product_brand-soft-gentle","7":"product_cat-kehahooldus","8":"product_cat-dusigeelid-seebid-vannivahud","9":"pa_kogus-300-ml","10":"pa_paritolumaa-saksamaa","11":"pa_uhik-ml","13":"first","14":"instock","15":"purchasable","16":"product-type-simple"},"acf":[],"_links":{"self":[{"href":"https:\/\/ursus.ee\/en\/wp-json\/wp\/v2\/product\/13450","targetHints":{"allow":["GET"]}}],"collection":[{"href":"https:\/\/ursus.ee\/en\/wp-json\/wp\/v2\/product"}],"about":[{"href":"https:\/\/ursus.ee\/en\/wp-json\/wp\/v2\/types\/product"}],"replies":[{"embeddable":true,"href":"https:\/\/ursus.ee\/en\/wp-json\/wp\/v2\/comments?post=13450"}],"wp:featuredmedia":[{"embeddable":true,"href":"https:\/\/ursus.ee\/en\/wp-json\/wp\/v2\/media\/13451"}],"wp:attachment":[{"href":"https:\/\/ursus.ee\/en\/wp-json\/wp\/v2\/media?parent=13450"}],"wp:term":[{"taxonomy":"product_brand","embeddable":true,"href":"https:\/\/ursus.ee\/en\/wp-json\/wp\/v2\/product_brand?post=13450"},{"taxonomy":"product_cat","embeddable":true,"href":"https:\/\/ursus.ee\/en\/wp-json\/wp\/v2\/product_cat?post=13450"},{"taxonomy":"product_tag","embeddable":true,"href":"https:\/\/ursus.ee\/en\/wp-json\/wp\/v2\/product_tag?post=13450"}],"curies":[{"name":"wp","href":"https:\/\/api.w.org\/{rel}","templated":true}]}}