{"id":13440,"date":"2025-12-16T19:14:13","date_gmt":"2025-12-16T17:14:13","guid":{"rendered":"https:\/\/ursus.ee\/toode\/vedelseep-granaatoun-meliss\/"},"modified":"2026-03-27T16:25:29","modified_gmt":"2026-03-27T14:25:29","slug":"vedelseep-granaatoun-meliss","status":"publish","type":"product","link":"https:\/\/ursus.ee\/en\/toode\/vedelseep-granaatoun-meliss\/","title":{"rendered":"Vedelseep Granaat\u00f5un &#038; Meliss"},"content":{"rendered":"<p>Vedelseep v\u00e4rskendava sidruni l\u00f5hnaga. Granaat\u00f5una ekstrakt toetab naha taastusprotsesse ja tagab naha normaalse elastsuse. Dermatoloogiliselt testitud, PH neutraalne.<\/p>\n","protected":false},"excerpt":{"rendered":"<p>Vedelseep v\u00e4rskendava sidruni l\u00f5hnaga. Granaat\u00f5una ekstrakt toetab naha taastusprotsesse ja tagab naha normaalse elastsuse. Dermatoloogiliselt testitud, PH neutraalne.<\/p>\n","protected":false},"featured_media":13441,"comment_status":"closed","ping_status":"closed","template":"","meta":{"_acf_changed":false},"product_brand":[624],"product_cat":[244,369],"product_tag":[],"class_list":{"0":"post-13440","1":"product","2":"type-product","3":"status-publish","4":"has-post-thumbnail","6":"product_brand-herbamedicus","7":"product_cat-kehahooldus","8":"product_cat-dusigeelid-seebid-vannivahud","9":"pa_kogus-500-ml","10":"pa_koostis-aqua-sodium-laureth-sulfate-cocamidopropyl-betaine-sodium-chloride-glycerin-punica-granatum-fruit-extract-sodium-benzoate-cymbopogon-winterianus-herb-oil-polyseorbate-20-allantoin-potassium","11":"pa_paritolumaa-saksamaa","12":"pa_uhik-ml","14":"first","15":"instock","16":"purchasable","17":"product-type-simple"},"acf":[],"_links":{"self":[{"href":"https:\/\/ursus.ee\/en\/wp-json\/wp\/v2\/product\/13440","targetHints":{"allow":["GET"]}}],"collection":[{"href":"https:\/\/ursus.ee\/en\/wp-json\/wp\/v2\/product"}],"about":[{"href":"https:\/\/ursus.ee\/en\/wp-json\/wp\/v2\/types\/product"}],"replies":[{"embeddable":true,"href":"https:\/\/ursus.ee\/en\/wp-json\/wp\/v2\/comments?post=13440"}],"wp:featuredmedia":[{"embeddable":true,"href":"https:\/\/ursus.ee\/en\/wp-json\/wp\/v2\/media\/13441"}],"wp:attachment":[{"href":"https:\/\/ursus.ee\/en\/wp-json\/wp\/v2\/media?parent=13440"}],"wp:term":[{"taxonomy":"product_brand","embeddable":true,"href":"https:\/\/ursus.ee\/en\/wp-json\/wp\/v2\/product_brand?post=13440"},{"taxonomy":"product_cat","embeddable":true,"href":"https:\/\/ursus.ee\/en\/wp-json\/wp\/v2\/product_cat?post=13440"},{"taxonomy":"product_tag","embeddable":true,"href":"https:\/\/ursus.ee\/en\/wp-json\/wp\/v2\/product_tag?post=13440"}],"curies":[{"name":"wp","href":"https:\/\/api.w.org\/{rel}","templated":true}]}}