{"id":13429,"date":"2025-12-16T19:14:13","date_gmt":"2025-12-16T17:14:13","guid":{"rendered":"https:\/\/ursus.ee\/toode\/noudepesumasina-puhastusvedelik\/"},"modified":"2026-03-27T16:11:20","modified_gmt":"2026-03-27T14:11:20","slug":"noudepesumasina-puhastusvedelik","status":"publish","type":"product","link":"https:\/\/ursus.ee\/en\/toode\/noudepesumasina-puhastusvedelik\/","title":{"rendered":"N\u00f5udepesumasina puhastusvedelik"},"content":{"rendered":"<p>N\u00f5udepesumasina puhastus- ja hooldusvahend, mis eemaldab katlakivi ja rasva ning tagab masina pikaajalise t\u00f6\u00f6kindluse.<\/p>\n","protected":false},"excerpt":{"rendered":"<p>N\u00f5udepesumasina puhastus- ja hooldusvahend, mis eemaldab katlakivi ja rasva ning tagab masina pikaajalise t\u00f6\u00f6kindluse.<\/p>\n","protected":false},"featured_media":13430,"comment_status":"closed","ping_status":"closed","template":"","meta":{"_acf_changed":false},"product_brand":[573],"product_cat":[116,111],"product_tag":[],"class_list":{"0":"post-13429","1":"product","2":"type-product","3":"status-publish","4":"has-post-thumbnail","6":"product_brand-oro","7":"product_cat-puhastusvahendid","8":"product_cat-kodukeemia","9":"pa_kogus-250-ml","10":"pa_koostis-30-anionische-tenside--15-30-zeolithe-phenoxyethanol-duftstoffe-citral-linalool","11":"pa_paritolumaa-saksamaa","12":"pa_uhik-ml","14":"first","15":"instock","16":"purchasable","17":"product-type-simple"},"acf":[],"_links":{"self":[{"href":"https:\/\/ursus.ee\/en\/wp-json\/wp\/v2\/product\/13429","targetHints":{"allow":["GET"]}}],"collection":[{"href":"https:\/\/ursus.ee\/en\/wp-json\/wp\/v2\/product"}],"about":[{"href":"https:\/\/ursus.ee\/en\/wp-json\/wp\/v2\/types\/product"}],"replies":[{"embeddable":true,"href":"https:\/\/ursus.ee\/en\/wp-json\/wp\/v2\/comments?post=13429"}],"wp:featuredmedia":[{"embeddable":true,"href":"https:\/\/ursus.ee\/en\/wp-json\/wp\/v2\/media\/13430"}],"wp:attachment":[{"href":"https:\/\/ursus.ee\/en\/wp-json\/wp\/v2\/media?parent=13429"}],"wp:term":[{"taxonomy":"product_brand","embeddable":true,"href":"https:\/\/ursus.ee\/en\/wp-json\/wp\/v2\/product_brand?post=13429"},{"taxonomy":"product_cat","embeddable":true,"href":"https:\/\/ursus.ee\/en\/wp-json\/wp\/v2\/product_cat?post=13429"},{"taxonomy":"product_tag","embeddable":true,"href":"https:\/\/ursus.ee\/en\/wp-json\/wp\/v2\/product_tag?post=13429"}],"curies":[{"name":"wp","href":"https:\/\/api.w.org\/{rel}","templated":true}]}}