{"id":13422,"date":"2025-12-16T19:14:13","date_gmt":"2025-12-16T17:14:13","guid":{"rendered":"https:\/\/ursus.ee\/toode\/noudepesumasina-sool\/"},"modified":"2026-03-27T16:11:10","modified_gmt":"2026-03-27T14:11:10","slug":"noudepesumasina-sool","status":"publish","type":"product","link":"https:\/\/ursus.ee\/en\/toode\/noudepesumasina-sool\/","title":{"rendered":"N\u00f5udepesumasina sool"},"content":{"rendered":"<p>N\u00f5udepesumasina sool on t\u00e4ielikult lahustuv ning sobib kasutamiseks k\u00f5ikides n\u00f5udepesumasinates. Hoida lastele k\u00e4ttesaamatus kohas. N\u00f5udepesumasina sool ei sobi kasutamiseks toidus.<\/p>\n","protected":false},"excerpt":{"rendered":"<p>N\u00f5udepesumasina sool on t\u00e4ielikult lahustuv ning sobib kasutamiseks k\u00f5ikides n\u00f5udepesumasinates. Hoida lastele k\u00e4ttesaamatus kohas. N\u00f5udepesumasina sool ei sobi kasutamiseks toidus.<\/p>\n","protected":false},"featured_media":13423,"comment_status":"closed","ping_status":"closed","template":"","meta":{"_acf_changed":false},"product_brand":[578],"product_cat":[116,111],"product_tag":[],"class_list":{"0":"post-13422","1":"product","2":"type-product","3":"status-publish","4":"has-post-thumbnail","6":"product_brand-ursus","7":"product_cat-puhastusvahendid","8":"product_cat-kodukeemia","9":"pa_kogus-2-kg","10":"pa_koostis-naatriumkloriid-100","11":"pa_paritolumaa-itaalia","12":"pa_uhik-kg","14":"first","15":"instock","16":"purchasable","17":"product-type-simple"},"acf":[],"_links":{"self":[{"href":"https:\/\/ursus.ee\/en\/wp-json\/wp\/v2\/product\/13422","targetHints":{"allow":["GET"]}}],"collection":[{"href":"https:\/\/ursus.ee\/en\/wp-json\/wp\/v2\/product"}],"about":[{"href":"https:\/\/ursus.ee\/en\/wp-json\/wp\/v2\/types\/product"}],"replies":[{"embeddable":true,"href":"https:\/\/ursus.ee\/en\/wp-json\/wp\/v2\/comments?post=13422"}],"wp:featuredmedia":[{"embeddable":true,"href":"https:\/\/ursus.ee\/en\/wp-json\/wp\/v2\/media\/13423"}],"wp:attachment":[{"href":"https:\/\/ursus.ee\/en\/wp-json\/wp\/v2\/media?parent=13422"}],"wp:term":[{"taxonomy":"product_brand","embeddable":true,"href":"https:\/\/ursus.ee\/en\/wp-json\/wp\/v2\/product_brand?post=13422"},{"taxonomy":"product_cat","embeddable":true,"href":"https:\/\/ursus.ee\/en\/wp-json\/wp\/v2\/product_cat?post=13422"},{"taxonomy":"product_tag","embeddable":true,"href":"https:\/\/ursus.ee\/en\/wp-json\/wp\/v2\/product_tag?post=13422"}],"curies":[{"name":"wp","href":"https:\/\/api.w.org\/{rel}","templated":true}]}}