{"id":13421,"date":"2025-12-16T19:14:13","date_gmt":"2025-12-16T17:14:13","guid":{"rendered":"https:\/\/ursus.ee\/toode\/noudepesumasina-tabletid\/"},"modified":"2026-03-27T16:11:32","modified_gmt":"2026-03-27T14:11:32","slug":"noudepesumasina-tabletid","status":"publish","type":"product","link":"https:\/\/ursus.ee\/en\/toode\/noudepesumasina-tabletid\/","title":{"rendered":"N\u00f5udepesumasina tabletid"},"content":{"rendered":"<p>Keskkonnas\u00f5bralikud n\u00f5udepesumasina tabletid. Ei sisalda s\u00fcnteetilisi s\u00e4ilitusaineid. Ei sisalda fosfaate ja l\u00f5hnaaineid. Parem keskkonnale: v\u00e4hene m\u00f5ju vee \u00f6kos\u00fcsteemidele.<\/p>\n","protected":false},"excerpt":{"rendered":"<p>Keskkonnas\u00f5bralikud n\u00f5udepesumasina tabletid. Ei sisalda s\u00fcnteetilisi s\u00e4ilitusaineid. Ei sisalda fosfaate ja l\u00f5hnaaineid. Parem keskkonnale: v\u00e4hene m\u00f5ju vee \u00f6kos\u00fcsteemidele.<\/p>\n","protected":false},"featured_media":13714,"comment_status":"closed","ping_status":"closed","template":"","meta":{"_acf_changed":false},"product_brand":[573],"product_cat":[116,111],"product_tag":[],"class_list":{"0":"post-13421","1":"product","2":"type-product","3":"status-publish","4":"has-post-thumbnail","6":"product_brand-oro","7":"product_cat-puhastusvahendid","8":"product_cat-kodukeemia","9":"pa_kogus-40-tk","10":"pa_koostis-5-15-line-hapnikul-pohinev-pleegitusaine-mitteioonsed-tensiidid-5-polukarboksulaadid-fosfonaadid-ensuumid-proteaasid-amulaasid","11":"pa_paritolumaa-saksamaa","12":"pa_uhik-tk","14":"first","15":"instock","16":"purchasable","17":"product-type-simple"},"acf":[],"_links":{"self":[{"href":"https:\/\/ursus.ee\/en\/wp-json\/wp\/v2\/product\/13421","targetHints":{"allow":["GET"]}}],"collection":[{"href":"https:\/\/ursus.ee\/en\/wp-json\/wp\/v2\/product"}],"about":[{"href":"https:\/\/ursus.ee\/en\/wp-json\/wp\/v2\/types\/product"}],"replies":[{"embeddable":true,"href":"https:\/\/ursus.ee\/en\/wp-json\/wp\/v2\/comments?post=13421"}],"wp:featuredmedia":[{"embeddable":true,"href":"https:\/\/ursus.ee\/en\/wp-json\/wp\/v2\/media\/13714"}],"wp:attachment":[{"href":"https:\/\/ursus.ee\/en\/wp-json\/wp\/v2\/media?parent=13421"}],"wp:term":[{"taxonomy":"product_brand","embeddable":true,"href":"https:\/\/ursus.ee\/en\/wp-json\/wp\/v2\/product_brand?post=13421"},{"taxonomy":"product_cat","embeddable":true,"href":"https:\/\/ursus.ee\/en\/wp-json\/wp\/v2\/product_cat?post=13421"},{"taxonomy":"product_tag","embeddable":true,"href":"https:\/\/ursus.ee\/en\/wp-json\/wp\/v2\/product_tag?post=13421"}],"curies":[{"name":"wp","href":"https:\/\/api.w.org\/{rel}","templated":true}]}}