{"id":13419,"date":"2025-12-16T19:14:13","date_gmt":"2025-12-16T17:14:13","guid":{"rendered":"https:\/\/ursus.ee\/toode\/nail-therapy-kuunehooldus-oli\/"},"modified":"2026-03-27T16:24:27","modified_gmt":"2026-03-27T14:24:27","slug":"nail-therapy-kuunehooldus-oli","status":"publish","type":"product","link":"https:\/\/ursus.ee\/en\/toode\/nail-therapy-kuunehooldus-oli\/","title":{"rendered":"Nail Therapy k\u00fc\u00fcnehooldus \u00f5li"},"content":{"rendered":"<p>Kontsentreeritud koostisega k\u00fc\u00fcne\u00f5li, mis on v\u00e4lja t\u00f6\u00f6tatud rabedate ja l\u00f5henevate k\u00fc\u00fcnte hoolduseks. Loodusliku p\u00e4ritoluga \u00f5lide koostis, mis sisaldab kastoor\u00f5li, rohelise tee seemne\u00f5li, magusmandli\u00f5li ja e-vitamiini, tungib s\u00fcgavale k\u00fc\u00fcneplaadi struktuuri, niisutab, taastab, toidab ning kaitseb k\u00fc\u00fcnte l\u00f5henemise ja murdumise eest.<\/p>\n","protected":false},"excerpt":{"rendered":"<p>Kontsentreeritud koostisega k\u00fc\u00fcne\u00f5li, mis on v\u00e4lja t\u00f6\u00f6tatud rabedate ja l\u00f5henevate k\u00fc\u00fcnte hoolduseks. Loodusliku p\u00e4ritoluga \u00f5lide koostis, mis sisaldab kastoor\u00f5li, rohelise tee seemne\u00f5li, magusmandli\u00f5li ja e-vitamiini, tungib s\u00fcgavale k\u00fc\u00fcneplaadi struktuuri, niisutab, taastab, toidab ning kaitseb k\u00fc\u00fcnte l\u00f5henemise ja murdumise eest.<\/p>\n","protected":false},"featured_media":13420,"comment_status":"closed","ping_status":"open","template":"","meta":{"_acf_changed":false},"product_brand":[187],"product_cat":[244,507],"product_tag":[],"class_list":{"0":"post-13419","1":"product","2":"type-product","3":"status-publish","4":"has-post-thumbnail","6":"product_brand-eveline-cosmetics","7":"product_cat-kehahooldus","8":"product_cat-kate-ja-jalahooldus","9":"pa_kogus-12-ml","10":"pa_koostis-ricinus-communis-seed-oil-camellia-japonica-seed-oil-helianthus-annuus-seed-oil-prunus-amygdalus-dulcis-oil-caprylic-capric-triglyceride-sesamum-indicum-seed-oil-perilla-ocymoides-seed-oil-cam","11":"pa_paritolumaa-poola","12":"pa_uhik-ml","14":"first","15":"instock","16":"purchasable","17":"product-type-simple"},"acf":[],"_links":{"self":[{"href":"https:\/\/ursus.ee\/en\/wp-json\/wp\/v2\/product\/13419","targetHints":{"allow":["GET"]}}],"collection":[{"href":"https:\/\/ursus.ee\/en\/wp-json\/wp\/v2\/product"}],"about":[{"href":"https:\/\/ursus.ee\/en\/wp-json\/wp\/v2\/types\/product"}],"replies":[{"embeddable":true,"href":"https:\/\/ursus.ee\/en\/wp-json\/wp\/v2\/comments?post=13419"}],"wp:featuredmedia":[{"embeddable":true,"href":"https:\/\/ursus.ee\/en\/wp-json\/wp\/v2\/media\/13420"}],"wp:attachment":[{"href":"https:\/\/ursus.ee\/en\/wp-json\/wp\/v2\/media?parent=13419"}],"wp:term":[{"taxonomy":"product_brand","embeddable":true,"href":"https:\/\/ursus.ee\/en\/wp-json\/wp\/v2\/product_brand?post=13419"},{"taxonomy":"product_cat","embeddable":true,"href":"https:\/\/ursus.ee\/en\/wp-json\/wp\/v2\/product_cat?post=13419"},{"taxonomy":"product_tag","embeddable":true,"href":"https:\/\/ursus.ee\/en\/wp-json\/wp\/v2\/product_tag?post=13419"}],"curies":[{"name":"wp","href":"https:\/\/api.w.org\/{rel}","templated":true}]}}