{"id":13417,"date":"2025-12-16T19:14:13","date_gmt":"2025-12-16T17:14:13","guid":{"rendered":"https:\/\/ursus.ee\/toode\/nail-therapy-professional-kuunehoolduslakk-kahjustatud-kuuntele\/"},"modified":"2026-03-27T16:24:27","modified_gmt":"2026-03-27T14:24:27","slug":"nail-therapy-professional-kuunehoolduslakk-kahjustatud-kuuntele","status":"publish","type":"product","link":"https:\/\/ursus.ee\/en\/toode\/nail-therapy-professional-kuunehoolduslakk-kahjustatud-kuuntele\/","title":{"rendered":"Nail Therapy Professional k\u00fc\u00fcnehoolduslakk kahjustatud k\u00fc\u00fcntele"},"content":{"rendered":"<p>Uuenduslik k\u00fc\u00fcnehoolduslakk on m\u00f5eldud \u00f5hukestele, kahjustatud ja n\u00f5rkadele k\u00fc\u00fcntele. Hooldus aitab taastada k\u00fc\u00fcnte seisukorda ja v\u00e4limust p\u00e4rast pikaajalist h\u00fcbriid-, akr\u00fc\u00fcl- v\u00f5i geellakkide kandmist. Hoolduslakk aitab peatada l\u00f5henemise ja kiirendab tervete k\u00fc\u00fcnte kasvu. Sobilik kasutamiseks ka v\u00e4ga kahjustatud k\u00fc\u00fcntel.<\/p>\n","protected":false},"excerpt":{"rendered":"<p>Uuenduslik k\u00fc\u00fcnehoolduslakk on m\u00f5eldud \u00f5hukestele, kahjustatud ja n\u00f5rkadele k\u00fc\u00fcntele. Hooldus aitab taastada k\u00fc\u00fcnte seisukorda ja v\u00e4limust p\u00e4rast pikaajalist h\u00fcbriid-, akr\u00fc\u00fcl- v\u00f5i geellakkide kandmist. Hoolduslakk aitab peatada l\u00f5henemise ja kiirendab tervete k\u00fc\u00fcnte kasvu. Sobilik kasutamiseks ka v\u00e4ga kahjustatud k\u00fc\u00fcntel.<\/p>\n","protected":false},"featured_media":13418,"comment_status":"closed","ping_status":"open","template":"","meta":{"_acf_changed":false},"product_brand":[187],"product_cat":[244,507],"product_tag":[],"class_list":{"0":"post-13417","1":"product","2":"type-product","3":"status-publish","4":"has-post-thumbnail","6":"product_brand-eveline-cosmetics","7":"product_cat-kehahooldus","8":"product_cat-kate-ja-jalahooldus","9":"pa_kogus-12-ml","10":"pa_koostis-ethyl-acetate-butyl-acetate-nitrocellulose-adipic-acid-neopentyl-glycol-trimellitic-anhydride-copolymer-acetyl-tributyl-citrate-isopropyl-alcohol-etocrylene-trimethylpentanediyl-dibenzoate-po","11":"pa_paritolumaa-poola","12":"pa_uhik-ml","14":"first","15":"instock","16":"purchasable","17":"product-type-simple"},"acf":[],"_links":{"self":[{"href":"https:\/\/ursus.ee\/en\/wp-json\/wp\/v2\/product\/13417","targetHints":{"allow":["GET"]}}],"collection":[{"href":"https:\/\/ursus.ee\/en\/wp-json\/wp\/v2\/product"}],"about":[{"href":"https:\/\/ursus.ee\/en\/wp-json\/wp\/v2\/types\/product"}],"replies":[{"embeddable":true,"href":"https:\/\/ursus.ee\/en\/wp-json\/wp\/v2\/comments?post=13417"}],"wp:featuredmedia":[{"embeddable":true,"href":"https:\/\/ursus.ee\/en\/wp-json\/wp\/v2\/media\/13418"}],"wp:attachment":[{"href":"https:\/\/ursus.ee\/en\/wp-json\/wp\/v2\/media?parent=13417"}],"wp:term":[{"taxonomy":"product_brand","embeddable":true,"href":"https:\/\/ursus.ee\/en\/wp-json\/wp\/v2\/product_brand?post=13417"},{"taxonomy":"product_cat","embeddable":true,"href":"https:\/\/ursus.ee\/en\/wp-json\/wp\/v2\/product_cat?post=13417"},{"taxonomy":"product_tag","embeddable":true,"href":"https:\/\/ursus.ee\/en\/wp-json\/wp\/v2\/product_tag?post=13417"}],"curies":[{"name":"wp","href":"https:\/\/api.w.org\/{rel}","templated":true}]}}