{"id":13415,"date":"2025-12-16T19:14:13","date_gmt":"2025-12-16T17:14:13","guid":{"rendered":"https:\/\/ursus.ee\/toode\/nail-therapy-kuunekasvu-kiirendaja\/"},"modified":"2026-03-27T16:24:27","modified_gmt":"2026-03-27T14:24:27","slug":"nail-therapy-kuunekasvu-kiirendaja","status":"publish","type":"product","link":"https:\/\/ursus.ee\/en\/toode\/nail-therapy-kuunekasvu-kiirendaja\/","title":{"rendered":"Nail Therapy k\u00fc\u00fcnekasvu kiirendaja"},"content":{"rendered":"<p>K\u00fc\u00fcnekasvu kiirendav hoolduslakk. Professionaalne, eriti intensiivne kuur igap\u00e4evaseks k\u00fc\u00fcnehoolduseks. Sisaldab siidiproteiini, mis tugevdab k\u00fc\u00fcsi ja muudab need tihedamaks. Sobib n\u00f5rkadele, \u00f5hukestele ja kergesti murduvatele k\u00fc\u00fcntele.<\/p>\n","protected":false},"excerpt":{"rendered":"<p>K\u00fc\u00fcnekasvu kiirendav hoolduslakk. Professionaalne, eriti intensiivne kuur igap\u00e4evaseks k\u00fc\u00fcnehoolduseks. Sisaldab siidiproteiini, mis tugevdab k\u00fc\u00fcsi ja muudab need tihedamaks. Sobib n\u00f5rkadele, \u00f5hukestele ja kergesti murduvatele k\u00fc\u00fcntele.<\/p>\n","protected":false},"featured_media":13416,"comment_status":"closed","ping_status":"open","template":"","meta":{"_acf_changed":false},"product_brand":[187],"product_cat":[244,507],"product_tag":[],"class_list":{"0":"post-13415","1":"product","2":"type-product","3":"status-publish","4":"has-post-thumbnail","6":"product_brand-eveline-cosmetics","7":"product_cat-kehahooldus","8":"product_cat-kate-ja-jalahooldus","9":"pa_kogus-12-ml","10":"pa_koostis-butyl-acetate-ethyl-acetate-nitrocellulose-cellulose-acetate-butyrate-adipic-acid-neopentyl-glycol-trimellitic-anhydride-copolymer-isopropyl-alcohol-acetyl-tributyl-citrate-nitrocellulose-tos","11":"pa_paritolumaa-poola","12":"pa_uhik-ml","14":"first","15":"instock","16":"purchasable","17":"product-type-simple"},"acf":[],"_links":{"self":[{"href":"https:\/\/ursus.ee\/en\/wp-json\/wp\/v2\/product\/13415","targetHints":{"allow":["GET"]}}],"collection":[{"href":"https:\/\/ursus.ee\/en\/wp-json\/wp\/v2\/product"}],"about":[{"href":"https:\/\/ursus.ee\/en\/wp-json\/wp\/v2\/types\/product"}],"replies":[{"embeddable":true,"href":"https:\/\/ursus.ee\/en\/wp-json\/wp\/v2\/comments?post=13415"}],"wp:featuredmedia":[{"embeddable":true,"href":"https:\/\/ursus.ee\/en\/wp-json\/wp\/v2\/media\/13416"}],"wp:attachment":[{"href":"https:\/\/ursus.ee\/en\/wp-json\/wp\/v2\/media?parent=13415"}],"wp:term":[{"taxonomy":"product_brand","embeddable":true,"href":"https:\/\/ursus.ee\/en\/wp-json\/wp\/v2\/product_brand?post=13415"},{"taxonomy":"product_cat","embeddable":true,"href":"https:\/\/ursus.ee\/en\/wp-json\/wp\/v2\/product_cat?post=13415"},{"taxonomy":"product_tag","embeddable":true,"href":"https:\/\/ursus.ee\/en\/wp-json\/wp\/v2\/product_tag?post=13415"}],"curies":[{"name":"wp","href":"https:\/\/api.w.org\/{rel}","templated":true}]}}