{"id":13413,"date":"2025-12-16T19:14:13","date_gmt":"2025-12-16T17:14:13","guid":{"rendered":"https:\/\/ursus.ee\/toode\/nail-therapy-kuunehooldus-sos-kahjustatud-kuuntele\/"},"modified":"2026-03-27T16:24:27","modified_gmt":"2026-03-27T14:24:27","slug":"nail-therapy-kuunehooldus-sos-kahjustatud-kuuntele","status":"publish","type":"product","link":"https:\/\/ursus.ee\/en\/toode\/nail-therapy-kuunehooldus-sos-kahjustatud-kuuntele\/","title":{"rendered":"Nail Therapy k\u00fc\u00fcnehooldus SOS kahjustatud k\u00fc\u00fcntele"},"content":{"rendered":"<p>K\u00fc\u00fcnte hoolduslakk on kiireks abiks l\u00f5henevate ja rabedate k\u00fc\u00fcnte korral. Kiiretoimeline hooldus on ideaalne lahendus n\u00f5rkade, kahjustatud ja l\u00f5henenud k\u00fc\u00fcnte korral. Taastav valem vitamiinide, kaltsiumi ja kollageeniga muudab k\u00fc\u00fcned tugevaks ja kauniks 10 p\u00e4eva jooksul.<\/p>\n","protected":false},"excerpt":{"rendered":"<p>K\u00fc\u00fcnte hoolduslakk on kiireks abiks l\u00f5henevate ja rabedate k\u00fc\u00fcnte korral. Kiiretoimeline hooldus on ideaalne lahendus n\u00f5rkade, kahjustatud ja l\u00f5henenud k\u00fc\u00fcnte korral. Taastav valem vitamiinide, kaltsiumi ja kollageeniga muudab k\u00fc\u00fcned tugevaks ja kauniks 10 p\u00e4eva jooksul.<\/p>\n","protected":false},"featured_media":13414,"comment_status":"closed","ping_status":"open","template":"","meta":{"_acf_changed":false},"product_brand":[187],"product_cat":[244,507],"product_tag":[],"class_list":{"0":"post-13413","1":"product","2":"type-product","3":"status-publish","4":"has-post-thumbnail","6":"product_brand-eveline-cosmetics","7":"product_cat-kehahooldus","8":"product_cat-kate-ja-jalahooldus","9":"pa_kogus-12-ml","10":"pa_paritolumaa-poola","11":"pa_uhik-ml","13":"first","14":"instock","15":"purchasable","16":"product-type-simple"},"acf":[],"_links":{"self":[{"href":"https:\/\/ursus.ee\/en\/wp-json\/wp\/v2\/product\/13413","targetHints":{"allow":["GET"]}}],"collection":[{"href":"https:\/\/ursus.ee\/en\/wp-json\/wp\/v2\/product"}],"about":[{"href":"https:\/\/ursus.ee\/en\/wp-json\/wp\/v2\/types\/product"}],"replies":[{"embeddable":true,"href":"https:\/\/ursus.ee\/en\/wp-json\/wp\/v2\/comments?post=13413"}],"wp:featuredmedia":[{"embeddable":true,"href":"https:\/\/ursus.ee\/en\/wp-json\/wp\/v2\/media\/13414"}],"wp:attachment":[{"href":"https:\/\/ursus.ee\/en\/wp-json\/wp\/v2\/media?parent=13413"}],"wp:term":[{"taxonomy":"product_brand","embeddable":true,"href":"https:\/\/ursus.ee\/en\/wp-json\/wp\/v2\/product_brand?post=13413"},{"taxonomy":"product_cat","embeddable":true,"href":"https:\/\/ursus.ee\/en\/wp-json\/wp\/v2\/product_cat?post=13413"},{"taxonomy":"product_tag","embeddable":true,"href":"https:\/\/ursus.ee\/en\/wp-json\/wp\/v2\/product_tag?post=13413"}],"curies":[{"name":"wp","href":"https:\/\/api.w.org\/{rel}","templated":true}]}}