{"id":13411,"date":"2025-12-16T19:12:12","date_gmt":"2025-12-16T17:12:12","guid":{"rendered":"https:\/\/ursus.ee\/toode\/nail-therapy-kuunehooldus-6in1-golden-glow\/"},"modified":"2026-03-27T16:24:27","modified_gmt":"2026-03-27T14:24:27","slug":"nail-therapy-kuunehooldus-6in1-golden-glow","status":"publish","type":"product","link":"https:\/\/ursus.ee\/en\/toode\/nail-therapy-kuunehooldus-6in1-golden-glow\/","title":{"rendered":"Nail Therapy k\u00fc\u00fcnehooldus 6in1 Golden Glow"},"content":{"rendered":"<p>K\u00fc\u00fcnte hoolduslakk on kiireks abiks l\u00f5henevate ja rabedate k\u00fc\u00fcnte korral. Kiiretoimeline hooldus on ideaalne lahendus n\u00f5rkade, kahjustatud ja l\u00f5henenud k\u00fc\u00fcnte korral. Koostis sisaldab kolloidkulda, nisu, soja- ja maisiproteiini, kaltsiumi, A-, E- ja F-vitamiini, UV-filtrit, mis muudavad k\u00fc\u00fcned paindlikumaks, suurendades nende vastupidavust mehaanilistele kahjustustele.<\/p>\n","protected":false},"excerpt":{"rendered":"<p>K\u00fc\u00fcnte hoolduslakk on kiireks abiks l\u00f5henevate ja rabedate k\u00fc\u00fcnte korral. Kiiretoimeline hooldus on ideaalne lahendus n\u00f5rkade, kahjustatud ja l\u00f5henenud k\u00fc\u00fcnte korral. Koostis sisaldab kolloidkulda, nisu, soja- ja maisiproteiini, kaltsiumi, A-, E- ja F-vitamiini, UV-filtrit, mis muudavad k\u00fc\u00fcned paindlikumaks, suurendades nende vastupidavust mehaanilistele kahjustustele.<\/p>\n","protected":false},"featured_media":13412,"comment_status":"closed","ping_status":"open","template":"","meta":{"_acf_changed":false},"product_brand":[187],"product_cat":[244,507],"product_tag":[],"class_list":{"0":"post-13411","1":"product","2":"type-product","3":"status-publish","4":"has-post-thumbnail","6":"product_brand-eveline-cosmetics","7":"product_cat-kehahooldus","8":"product_cat-kate-ja-jalahooldus","9":"pa_kogus-5-ml","10":"pa_koostis-butyl-acetate-ethyl-acetate-nitrocellulose-adipic-acid-neopentyl-glycol-trimellitic-anhydride-copolymer-acetyl-tributyl-citrate-isopropyl-alcohol-acrylates-copolymer-stearalkonium-bentonite-n","11":"pa_paritolumaa-poola","12":"pa_uhik-ml","14":"first","15":"instock","16":"purchasable","17":"product-type-simple"},"acf":[],"_links":{"self":[{"href":"https:\/\/ursus.ee\/en\/wp-json\/wp\/v2\/product\/13411","targetHints":{"allow":["GET"]}}],"collection":[{"href":"https:\/\/ursus.ee\/en\/wp-json\/wp\/v2\/product"}],"about":[{"href":"https:\/\/ursus.ee\/en\/wp-json\/wp\/v2\/types\/product"}],"replies":[{"embeddable":true,"href":"https:\/\/ursus.ee\/en\/wp-json\/wp\/v2\/comments?post=13411"}],"wp:featuredmedia":[{"embeddable":true,"href":"https:\/\/ursus.ee\/en\/wp-json\/wp\/v2\/media\/13412"}],"wp:attachment":[{"href":"https:\/\/ursus.ee\/en\/wp-json\/wp\/v2\/media?parent=13411"}],"wp:term":[{"taxonomy":"product_brand","embeddable":true,"href":"https:\/\/ursus.ee\/en\/wp-json\/wp\/v2\/product_brand?post=13411"},{"taxonomy":"product_cat","embeddable":true,"href":"https:\/\/ursus.ee\/en\/wp-json\/wp\/v2\/product_cat?post=13411"},{"taxonomy":"product_tag","embeddable":true,"href":"https:\/\/ursus.ee\/en\/wp-json\/wp\/v2\/product_tag?post=13411"}],"curies":[{"name":"wp","href":"https:\/\/api.w.org\/{rel}","templated":true}]}}