{"id":13409,"date":"2025-12-16T19:12:12","date_gmt":"2025-12-16T17:12:12","guid":{"rendered":"https:\/\/ursus.ee\/toode\/nail-therapy-professional-kuunehoolduslakk-6in1-shimmer-pink\/"},"modified":"2026-03-27T16:24:27","modified_gmt":"2026-03-27T14:24:27","slug":"nail-therapy-professional-kuunehoolduslakk-6in1-shimmer-pink","status":"publish","type":"product","link":"https:\/\/ursus.ee\/en\/toode\/nail-therapy-professional-kuunehoolduslakk-6in1-shimmer-pink\/","title":{"rendered":"Nail Therapy Professional k\u00fc\u00fcnehoolduslakk 6in1 Shimmer Pink"},"content":{"rendered":"<p>K\u00fc\u00fcnehoolduslakk on kiireks abiks l\u00f5henevate ja rabedate k\u00fc\u00fcnte korral. Kiiretoimeline hooldus on ideaalne lahendus n\u00f5rkade, kahjustatud ja l\u00f5henenud k\u00fc\u00fcnte korral. Koostis sisaldab r\u00e4ni, kaltsiumi ja toitvaid \u00f5lisid, mis muudavad k\u00fc\u00fcned elastsemaks, suurendades nende vastupidavust mehaanilistele kahjustustele. Hoolduslakk on kiirestikuivav, seega valmib naturaalse ja \u00f5rna heleroosa l\u00e4ikega manik\u00fc\u00fcr minutitega.<\/p>\n","protected":false},"excerpt":{"rendered":"<p>K\u00fc\u00fcnehoolduslakk on kiireks abiks l\u00f5henevate ja rabedate k\u00fc\u00fcnte korral. Kiiretoimeline hooldus on ideaalne lahendus n\u00f5rkade, kahjustatud ja l\u00f5henenud k\u00fc\u00fcnte korral. Koostis sisaldab r\u00e4ni, kaltsiumi ja toitvaid \u00f5lisid, mis muudavad k\u00fc\u00fcned elastsemaks, suurendades nende vastupidavust mehaanilistele kahjustustele. Hoolduslakk on kiirestikuivav, seega valmib naturaalse ja \u00f5rna heleroosa l\u00e4ikega manik\u00fc\u00fcr minutitega.<\/p>\n","protected":false},"featured_media":13410,"comment_status":"closed","ping_status":"open","template":"","meta":{"_acf_changed":false},"product_brand":[187],"product_cat":[244,507],"product_tag":[],"class_list":{"0":"post-13409","1":"product","2":"type-product","3":"status-publish","4":"has-post-thumbnail","6":"product_brand-eveline-cosmetics","7":"product_cat-kehahooldus","8":"product_cat-kate-ja-jalahooldus","9":"pa_kogus-5-ml","10":"pa_koostis-butyl-acetate-ethyl-acetate-nitrocellulose-adipic-acid-neopentyl-glycol-trimellitic-anhydride-copolymer-isopropyl-alcohol-acetyl-tributyl-citrate-dipropylene-glycol-dibenzoate-acrylates-copoly","11":"pa_paritolumaa-poola","12":"pa_uhik-ml","14":"first","15":"instock","16":"purchasable","17":"product-type-simple"},"acf":[],"_links":{"self":[{"href":"https:\/\/ursus.ee\/en\/wp-json\/wp\/v2\/product\/13409","targetHints":{"allow":["GET"]}}],"collection":[{"href":"https:\/\/ursus.ee\/en\/wp-json\/wp\/v2\/product"}],"about":[{"href":"https:\/\/ursus.ee\/en\/wp-json\/wp\/v2\/types\/product"}],"replies":[{"embeddable":true,"href":"https:\/\/ursus.ee\/en\/wp-json\/wp\/v2\/comments?post=13409"}],"wp:featuredmedia":[{"embeddable":true,"href":"https:\/\/ursus.ee\/en\/wp-json\/wp\/v2\/media\/13410"}],"wp:attachment":[{"href":"https:\/\/ursus.ee\/en\/wp-json\/wp\/v2\/media?parent=13409"}],"wp:term":[{"taxonomy":"product_brand","embeddable":true,"href":"https:\/\/ursus.ee\/en\/wp-json\/wp\/v2\/product_brand?post=13409"},{"taxonomy":"product_cat","embeddable":true,"href":"https:\/\/ursus.ee\/en\/wp-json\/wp\/v2\/product_cat?post=13409"},{"taxonomy":"product_tag","embeddable":true,"href":"https:\/\/ursus.ee\/en\/wp-json\/wp\/v2\/product_tag?post=13409"}],"curies":[{"name":"wp","href":"https:\/\/api.w.org\/{rel}","templated":true}]}}