{"id":13407,"date":"2025-12-16T19:12:12","date_gmt":"2025-12-16T17:12:12","guid":{"rendered":"https:\/\/ursus.ee\/toode\/nail-therapy-french-kuunehooldus-6in1\/"},"modified":"2026-03-27T16:24:27","modified_gmt":"2026-03-27T14:24:27","slug":"nail-therapy-french-kuunehooldus-6in1","status":"publish","type":"product","link":"https:\/\/ursus.ee\/en\/toode\/nail-therapy-french-kuunehooldus-6in1\/","title":{"rendered":"Nail Therapy French k\u00fc\u00fcnehooldus 6in1"},"content":{"rendered":"<p>Toonitud k\u00fc\u00fcnehoolduslakk toidab k\u00fc\u00fcsi ning muudab kahjustunud k\u00fc\u00fcned tugevamaks, elastsemaks, siledamaks ja \u00fchtlasemaks ning kaitseb kaitseb mehaaniliste vigastuste eest. Hoolduslakk kaitseb k\u00fc\u00fcsi murdumise ja kihistumise eest ning muudab need taas terveks ja l\u00e4ikivaks.<\/p>\n","protected":false},"excerpt":{"rendered":"<p>Toonitud k\u00fc\u00fcnehoolduslakk toidab k\u00fc\u00fcsi ning muudab kahjustunud k\u00fc\u00fcned tugevamaks, elastsemaks, siledamaks ja \u00fchtlasemaks ning kaitseb kaitseb mehaaniliste vigastuste eest. Hoolduslakk kaitseb k\u00fc\u00fcsi murdumise ja kihistumise eest ning muudab need taas terveks ja l\u00e4ikivaks.<\/p>\n","protected":false},"featured_media":13408,"comment_status":"closed","ping_status":"open","template":"","meta":{"_acf_changed":false},"product_brand":[187],"product_cat":[244,507],"product_tag":[],"class_list":{"0":"post-13407","1":"product","2":"type-product","3":"status-publish","4":"has-post-thumbnail","6":"product_brand-eveline-cosmetics","7":"product_cat-kehahooldus","8":"product_cat-kate-ja-jalahooldus","9":"pa_kogus-5-ml","10":"pa_paritolumaa-poola","11":"pa_uhik-ml","13":"first","14":"instock","15":"purchasable","16":"product-type-simple"},"acf":[],"_links":{"self":[{"href":"https:\/\/ursus.ee\/en\/wp-json\/wp\/v2\/product\/13407","targetHints":{"allow":["GET"]}}],"collection":[{"href":"https:\/\/ursus.ee\/en\/wp-json\/wp\/v2\/product"}],"about":[{"href":"https:\/\/ursus.ee\/en\/wp-json\/wp\/v2\/types\/product"}],"replies":[{"embeddable":true,"href":"https:\/\/ursus.ee\/en\/wp-json\/wp\/v2\/comments?post=13407"}],"wp:featuredmedia":[{"embeddable":true,"href":"https:\/\/ursus.ee\/en\/wp-json\/wp\/v2\/media\/13408"}],"wp:attachment":[{"href":"https:\/\/ursus.ee\/en\/wp-json\/wp\/v2\/media?parent=13407"}],"wp:term":[{"taxonomy":"product_brand","embeddable":true,"href":"https:\/\/ursus.ee\/en\/wp-json\/wp\/v2\/product_brand?post=13407"},{"taxonomy":"product_cat","embeddable":true,"href":"https:\/\/ursus.ee\/en\/wp-json\/wp\/v2\/product_cat?post=13407"},{"taxonomy":"product_tag","embeddable":true,"href":"https:\/\/ursus.ee\/en\/wp-json\/wp\/v2\/product_tag?post=13407"}],"curies":[{"name":"wp","href":"https:\/\/api.w.org\/{rel}","templated":true}]}}