{"id":13400,"date":"2025-12-16T19:12:12","date_gmt":"2025-12-16T17:12:12","guid":{"rendered":"https:\/\/ursus.ee\/toode\/variete-huulepulk-nr-04\/"},"modified":"2026-03-27T16:21:38","modified_gmt":"2026-03-27T14:21:38","slug":"variete-huulepulk-nr-04","status":"publish","type":"product","link":"https:\/\/ursus.ee\/en\/toode\/variete-huulepulk-nr-04\/","title":{"rendered":"Variete Huulepulk nr.04"},"content":{"rendered":"<p>\u00c4\u00e4rmiselt tugeva pigmentatsiooniga koostis tagab t\u00e4ieliku katvuse alates esimesest t\u00f5mbest. Jojoba\u00f5li ja seesami\u00f5li muudavad huuled meeldivalt pehmeks ja toidetuks.<\/p>\n","protected":false},"excerpt":{"rendered":"<p>\u00c4\u00e4rmiselt tugeva pigmentatsiooniga koostis tagab t\u00e4ieliku katvuse alates esimesest t\u00f5mbest. Jojoba\u00f5li ja seesami\u00f5li muudavad huuled meeldivalt pehmeks ja toidetuks.<\/p>\n","protected":false},"featured_media":13401,"comment_status":"closed","ping_status":"open","template":"","meta":{"_acf_changed":false},"product_brand":[187],"product_cat":[188,311],"product_tag":[],"class_list":{"0":"post-13400","1":"product","2":"type-product","3":"status-publish","4":"has-post-thumbnail","6":"product_brand-eveline-cosmetics","7":"product_cat-naohooldus","8":"product_cat-dekoratiivkosmeetika","9":"pa_kogus-1-tk","10":"pa_koostis-lanolin-oil-ricinus-communis-seed-oil-hydrogenated-castor-oil-dimer-dilinoleate-bis-diglyceryl-polyacyladipate-2-oleyl-erucate-synthetic-wax-dicaprylyl-carbonate-euphorbia-cerifera-cera-cera","11":"pa_paritolumaa-poola","12":"pa_uhik-tk","14":"first","15":"instock","16":"purchasable","17":"product-type-simple"},"acf":[],"_links":{"self":[{"href":"https:\/\/ursus.ee\/en\/wp-json\/wp\/v2\/product\/13400","targetHints":{"allow":["GET"]}}],"collection":[{"href":"https:\/\/ursus.ee\/en\/wp-json\/wp\/v2\/product"}],"about":[{"href":"https:\/\/ursus.ee\/en\/wp-json\/wp\/v2\/types\/product"}],"replies":[{"embeddable":true,"href":"https:\/\/ursus.ee\/en\/wp-json\/wp\/v2\/comments?post=13400"}],"wp:featuredmedia":[{"embeddable":true,"href":"https:\/\/ursus.ee\/en\/wp-json\/wp\/v2\/media\/13401"}],"wp:attachment":[{"href":"https:\/\/ursus.ee\/en\/wp-json\/wp\/v2\/media?parent=13400"}],"wp:term":[{"taxonomy":"product_brand","embeddable":true,"href":"https:\/\/ursus.ee\/en\/wp-json\/wp\/v2\/product_brand?post=13400"},{"taxonomy":"product_cat","embeddable":true,"href":"https:\/\/ursus.ee\/en\/wp-json\/wp\/v2\/product_cat?post=13400"},{"taxonomy":"product_tag","embeddable":true,"href":"https:\/\/ursus.ee\/en\/wp-json\/wp\/v2\/product_tag?post=13400"}],"curies":[{"name":"wp","href":"https:\/\/api.w.org\/{rel}","templated":true}]}}