{"id":13380,"date":"2025-12-16T19:12:12","date_gmt":"2025-12-16T17:12:12","guid":{"rendered":"https:\/\/ursus.ee\/toode\/celebrity-lips-tinted-oil-therapy-huuleoli-no-04-red\/"},"modified":"2026-03-27T16:21:34","modified_gmt":"2026-03-27T14:21:34","slug":"celebrity-lips-tinted-oil-therapy-huuleoli-no-04-red","status":"publish","type":"product","link":"https:\/\/ursus.ee\/en\/toode\/celebrity-lips-tinted-oil-therapy-huuleoli-no-04-red\/","title":{"rendered":"Celebrity Lips Tinted Oil Therapy huule\u00f5li no.04 Red"},"content":{"rendered":"<p>Celebrity Lips huule\u00f5li \u00fchendab seerumi, \u00f5li ja l\u00e4ike, pakkudes huultele intensiivset niisutust ning ahvatlevat s\u00e4ra. Kerge koostis hooldab ja silub, j\u00e4ttes huuled terve p\u00e4eva jooksul pehmeks ja t\u00e4idlaseks. Valikus on 4 tooni, mis kohanduvad sinu pH-ga \u2013 roosa, lavendel, punane v\u00f5i puhas l\u00e4ige. XXL aplikaator muudab pealekandmise mugavaks ja kiireks, tulemuseks on alati wow-efekt.<\/p>\n","protected":false},"excerpt":{"rendered":"<p>Celebrity Lips huule\u00f5li \u00fchendab seerumi, \u00f5li ja l\u00e4ike, pakkudes huultele intensiivset niisutust ning ahvatlevat s\u00e4ra. Kerge koostis hooldab ja silub, j\u00e4ttes huuled terve p\u00e4eva jooksul pehmeks ja t\u00e4idlaseks. Valikus on 4 tooni, mis kohanduvad sinu pH-ga \u2013 roosa, lavendel, punane v\u00f5i puhas l\u00e4ige. XXL aplikaator muudab pealekandmise mugavaks ja kiireks, tulemuseks on alati wow-efekt.<\/p>\n","protected":false},"featured_media":13381,"comment_status":"closed","ping_status":"open","template":"","meta":{"_acf_changed":false},"product_brand":[187],"product_cat":[188,311],"product_tag":[],"class_list":{"0":"post-13380","1":"product","2":"type-product","3":"status-publish","4":"has-post-thumbnail","6":"product_brand-eveline-cosmetics","7":"product_cat-naohooldus","8":"product_cat-dekoratiivkosmeetika","9":"pa_kogus-5-ml","10":"pa_koostis-polybutene-paraffinum-liquidum-dicaprylyl-carbonate-hydrogenated-polyisobutene-hydrogenated-poly-c6-14-olefin-ethylhexyl-palmitate-ethylhexyl-stearate-silica-dimethyl-silylate-c18-36-acid-t","11":"pa_paritolumaa-poola","12":"pa_uhik-ml","14":"first","15":"instock","16":"purchasable","17":"product-type-simple"},"acf":[],"_links":{"self":[{"href":"https:\/\/ursus.ee\/en\/wp-json\/wp\/v2\/product\/13380","targetHints":{"allow":["GET"]}}],"collection":[{"href":"https:\/\/ursus.ee\/en\/wp-json\/wp\/v2\/product"}],"about":[{"href":"https:\/\/ursus.ee\/en\/wp-json\/wp\/v2\/types\/product"}],"replies":[{"embeddable":true,"href":"https:\/\/ursus.ee\/en\/wp-json\/wp\/v2\/comments?post=13380"}],"wp:featuredmedia":[{"embeddable":true,"href":"https:\/\/ursus.ee\/en\/wp-json\/wp\/v2\/media\/13381"}],"wp:attachment":[{"href":"https:\/\/ursus.ee\/en\/wp-json\/wp\/v2\/media?parent=13380"}],"wp:term":[{"taxonomy":"product_brand","embeddable":true,"href":"https:\/\/ursus.ee\/en\/wp-json\/wp\/v2\/product_brand?post=13380"},{"taxonomy":"product_cat","embeddable":true,"href":"https:\/\/ursus.ee\/en\/wp-json\/wp\/v2\/product_cat?post=13380"},{"taxonomy":"product_tag","embeddable":true,"href":"https:\/\/ursus.ee\/en\/wp-json\/wp\/v2\/product_tag?post=13380"}],"curies":[{"name":"wp","href":"https:\/\/api.w.org\/{rel}","templated":true}]}}