{"id":13374,"date":"2025-12-16T19:12:12","date_gmt":"2025-12-16T17:12:12","guid":{"rendered":"https:\/\/ursus.ee\/toode\/glossy-desire-huuleoli-juicy-raspberry\/"},"modified":"2026-03-27T16:21:34","modified_gmt":"2026-03-27T14:21:34","slug":"glossy-desire-huuleoli-juicy-raspberry","status":"publish","type":"product","link":"https:\/\/ursus.ee\/en\/toode\/glossy-desire-huuleoli-juicy-raspberry\/","title":{"rendered":"Glossy Desire huule\u00f5li Juicy Raspberry"},"content":{"rendered":"<p>Huule\u00f5li-seerum \u00fchendab endas intensiivhoolduse ja l\u00e4ike. Rikkalik, kuid kerge ja kleepumatu koostis toidab, taastab ja niisutab intensiivselt \u00f5rna huulenahka, andes neile siidise sileduse ja loomuliku l\u00e4ike. Meeldivalt v\u00e4rske ja kutsuva l\u00f5hnaga.<\/p>\n","protected":false},"excerpt":{"rendered":"<p>Huule\u00f5li-seerum \u00fchendab endas intensiivhoolduse ja l\u00e4ike. Rikkalik, kuid kerge ja kleepumatu koostis toidab, taastab ja niisutab intensiivselt \u00f5rna huulenahka, andes neile siidise sileduse ja loomuliku l\u00e4ike. Meeldivalt v\u00e4rske ja kutsuva l\u00f5hnaga.<\/p>\n","protected":false},"featured_media":13375,"comment_status":"closed","ping_status":"open","template":"","meta":{"_acf_changed":false},"product_brand":[187],"product_cat":[188,311],"product_tag":[],"class_list":{"0":"post-13374","1":"product","2":"type-product","3":"status-publish","4":"has-post-thumbnail","6":"product_brand-eveline-cosmetics","7":"product_cat-naohooldus","8":"product_cat-dekoratiivkosmeetika","9":"pa_kogus-12-ml","10":"pa_koostis-polybutene-paraffinum-liquidum-ethylhexyl-palmitate-polyglyceryl-3-diisostearate-silica-dimethyl-silylate-hydrogenated-polyc6-14-olefin-glyceryl-caprylate-octyldodecanol-macadamia-ternifoli","11":"pa_paritolumaa-poola","12":"pa_uhik-ml","14":"first","15":"instock","16":"purchasable","17":"product-type-simple"},"acf":[],"_links":{"self":[{"href":"https:\/\/ursus.ee\/en\/wp-json\/wp\/v2\/product\/13374","targetHints":{"allow":["GET"]}}],"collection":[{"href":"https:\/\/ursus.ee\/en\/wp-json\/wp\/v2\/product"}],"about":[{"href":"https:\/\/ursus.ee\/en\/wp-json\/wp\/v2\/types\/product"}],"replies":[{"embeddable":true,"href":"https:\/\/ursus.ee\/en\/wp-json\/wp\/v2\/comments?post=13374"}],"wp:featuredmedia":[{"embeddable":true,"href":"https:\/\/ursus.ee\/en\/wp-json\/wp\/v2\/media\/13375"}],"wp:attachment":[{"href":"https:\/\/ursus.ee\/en\/wp-json\/wp\/v2\/media?parent=13374"}],"wp:term":[{"taxonomy":"product_brand","embeddable":true,"href":"https:\/\/ursus.ee\/en\/wp-json\/wp\/v2\/product_brand?post=13374"},{"taxonomy":"product_cat","embeddable":true,"href":"https:\/\/ursus.ee\/en\/wp-json\/wp\/v2\/product_cat?post=13374"},{"taxonomy":"product_tag","embeddable":true,"href":"https:\/\/ursus.ee\/en\/wp-json\/wp\/v2\/product_tag?post=13374"}],"curies":[{"name":"wp","href":"https:\/\/api.w.org\/{rel}","templated":true}]}}