{"id":13360,"date":"2025-12-16T19:12:12","date_gmt":"2025-12-16T17:12:12","guid":{"rendered":"https:\/\/ursus.ee\/toode\/variete-huulelaige-cooling-kisses-nr-04\/"},"modified":"2026-03-27T16:21:38","modified_gmt":"2026-03-27T14:21:38","slug":"variete-huulelaige-cooling-kisses-nr-04","status":"publish","type":"product","link":"https:\/\/ursus.ee\/en\/toode\/variete-huulelaige-cooling-kisses-nr-04\/","title":{"rendered":"Variete huulel\u00e4ige Cooling Kisses nr.04"},"content":{"rendered":"<p>Huulel\u00e4ige, mille koostises olev taimne kollageen ja h\u00fcaluroonhape siluvad ja niisutavad huuli. M\u00fcndi ekstrakt annab meeldiva jahutava tunde.<\/p>\n","protected":false},"excerpt":{"rendered":"<p>Huulel\u00e4ige, mille koostises olev taimne kollageen ja h\u00fcaluroonhape siluvad ja niisutavad huuli. M\u00fcndi ekstrakt annab meeldiva jahutava tunde.<\/p>\n","protected":false},"featured_media":14288,"comment_status":"closed","ping_status":"closed","template":"","meta":{"_acf_changed":false},"product_brand":[187],"product_cat":[188,311],"product_tag":[],"class_list":{"0":"post-13360","1":"product","2":"type-product","3":"status-publish","4":"has-post-thumbnail","6":"product_brand-eveline-cosmetics","7":"product_cat-naohooldus","8":"product_cat-dekoratiivkosmeetika","9":"pa_kogus-68-ml","10":"pa_koostis-polubuteen-oktuuldodekanool-etuulheksuulpalmitaat-pentaerutrituultetraisostearaat-bis-diglutseruulpolutsuladipaat-2-ranidimetuulsilulaat-vp-heksadetseeni-kopolumeer-glut","11":"pa_paritolumaa-poola","12":"pa_uhik-ml","14":"first","15":"instock","16":"purchasable","17":"product-type-simple"},"acf":[],"_links":{"self":[{"href":"https:\/\/ursus.ee\/en\/wp-json\/wp\/v2\/product\/13360","targetHints":{"allow":["GET"]}}],"collection":[{"href":"https:\/\/ursus.ee\/en\/wp-json\/wp\/v2\/product"}],"about":[{"href":"https:\/\/ursus.ee\/en\/wp-json\/wp\/v2\/types\/product"}],"replies":[{"embeddable":true,"href":"https:\/\/ursus.ee\/en\/wp-json\/wp\/v2\/comments?post=13360"}],"wp:featuredmedia":[{"embeddable":true,"href":"https:\/\/ursus.ee\/en\/wp-json\/wp\/v2\/media\/14288"}],"wp:attachment":[{"href":"https:\/\/ursus.ee\/en\/wp-json\/wp\/v2\/media?parent=13360"}],"wp:term":[{"taxonomy":"product_brand","embeddable":true,"href":"https:\/\/ursus.ee\/en\/wp-json\/wp\/v2\/product_brand?post=13360"},{"taxonomy":"product_cat","embeddable":true,"href":"https:\/\/ursus.ee\/en\/wp-json\/wp\/v2\/product_cat?post=13360"},{"taxonomy":"product_tag","embeddable":true,"href":"https:\/\/ursus.ee\/en\/wp-json\/wp\/v2\/product_tag?post=13360"}],"curies":[{"name":"wp","href":"https:\/\/api.w.org\/{rel}","templated":true}]}}