{"id":13344,"date":"2025-12-16T19:10:14","date_gmt":"2025-12-16T17:10:14","guid":{"rendered":"https:\/\/ursus.ee\/toode\/huulepliiats-veekindel-variete-nr-04-candy-rose\/"},"modified":"2026-03-27T16:21:35","modified_gmt":"2026-03-27T14:21:35","slug":"huulepliiats-veekindel-variete-nr-04-candy-rose","status":"publish","type":"product","link":"https:\/\/ursus.ee\/en\/toode\/huulepliiats-veekindel-variete-nr-04-candy-rose\/","title":{"rendered":"Huulepliiats veekindel Variete nr.04 Candy Rose"},"content":{"rendered":"<p>Variete huulepliiats on veekindel ja \u00e4\u00e4rmiselt vastupidav koostis tagab p\u00fcsivuse terveks p\u00e4evaks. Tugev pigmentatsioon ja pehme koostis tagavad kerge pealekandmise eest. Huulepliiats sobib kasutamiseks ka huulepulgana.<\/p>\n","protected":false},"excerpt":{"rendered":"<p>Variete huulepliiats on veekindel ja \u00e4\u00e4rmiselt vastupidav koostis tagab p\u00fcsivuse terveks p\u00e4evaks. Tugev pigmentatsioon ja pehme koostis tagavad kerge pealekandmise eest. Huulepliiats sobib kasutamiseks ka huulepulgana.<\/p>\n","protected":false},"featured_media":13345,"comment_status":"closed","ping_status":"open","template":"","meta":{"_acf_changed":false},"product_brand":[187],"product_cat":[188,311],"product_tag":[],"class_list":{"0":"post-13344","1":"product","2":"type-product","3":"status-publish","4":"has-post-thumbnail","6":"product_brand-eveline-cosmetics","7":"product_cat-naohooldus","8":"product_cat-dekoratiivkosmeetika","9":"pa_kogus-1-tk","10":"pa_koostis-cyclopentasiloxane-trimethylsiloxysilicate-mica-polyethylene-diisostearyl-malate-ceresin-silica-synthetic-wax-caprylic-capric-triglyceride-dipentaerythrityl-pentaisostearate-cera-microcrist","11":"pa_paritolumaa-poola","12":"pa_uhik-tk","14":"first","15":"instock","16":"purchasable","17":"product-type-simple"},"acf":[],"_links":{"self":[{"href":"https:\/\/ursus.ee\/en\/wp-json\/wp\/v2\/product\/13344","targetHints":{"allow":["GET"]}}],"collection":[{"href":"https:\/\/ursus.ee\/en\/wp-json\/wp\/v2\/product"}],"about":[{"href":"https:\/\/ursus.ee\/en\/wp-json\/wp\/v2\/types\/product"}],"replies":[{"embeddable":true,"href":"https:\/\/ursus.ee\/en\/wp-json\/wp\/v2\/comments?post=13344"}],"wp:featuredmedia":[{"embeddable":true,"href":"https:\/\/ursus.ee\/en\/wp-json\/wp\/v2\/media\/13345"}],"wp:attachment":[{"href":"https:\/\/ursus.ee\/en\/wp-json\/wp\/v2\/media?parent=13344"}],"wp:term":[{"taxonomy":"product_brand","embeddable":true,"href":"https:\/\/ursus.ee\/en\/wp-json\/wp\/v2\/product_brand?post=13344"},{"taxonomy":"product_cat","embeddable":true,"href":"https:\/\/ursus.ee\/en\/wp-json\/wp\/v2\/product_cat?post=13344"},{"taxonomy":"product_tag","embeddable":true,"href":"https:\/\/ursus.ee\/en\/wp-json\/wp\/v2\/product_tag?post=13344"}],"curies":[{"name":"wp","href":"https:\/\/api.w.org\/{rel}","templated":true}]}}