{"id":13335,"date":"2025-12-16T19:10:14","date_gmt":"2025-12-16T17:10:14","guid":{"rendered":"https:\/\/ursus.ee\/toode\/oh-my-lips-suurendav-huuleseerum-sokolaadiga\/"},"modified":"2026-03-27T16:21:36","modified_gmt":"2026-03-27T14:21:36","slug":"oh-my-lips-suurendav-huuleseerum-sokolaadiga","status":"publish","type":"product","link":"https:\/\/ursus.ee\/en\/toode\/oh-my-lips-suurendav-huuleseerum-sokolaadiga\/","title":{"rendered":"Oh! My Lips suurendav huuleseerum \u0161okolaadiga"},"content":{"rendered":"<p>Eveline Lip Maximizer Chocolate&#8217;il on uuenduslik valem, mis p\u00f5hineb mesilasm\u00fcrgil ja t\u0161illipipral, mis stimuleerivad pindmist vereinget, muutes huuled t\u00e4idlasemaks. Huulel\u00e4ige on rikastatud avokaado-, makadaamia-, kanepi- ja kastoor\u00f5liga, mis pehmendavad, niisutavad ja toidavad huuli. Koostises sisalduv h\u00fcaluroonhape, ingveriekstrakt ja vitamiinid aitavad r\u00f5hutada huulte loomulikku v\u00e4rvi. Huulel\u00e4ikel on meeldiv \u0161okolaadil\u00f5hn, mis p\u00fcsib kaua p\u00e4rast pealekandmist. Pane t\u00e4hele, et kerge jahedus- ja kipitustunne annavad m\u00e4rku aktiivsete koostisosade m\u00f5just.<\/p>\n","protected":false},"excerpt":{"rendered":"<p>Eveline Lip Maximizer Chocolate&#8217;il on uuenduslik valem, mis p\u00f5hineb mesilasm\u00fcrgil ja t\u0161illipipral, mis stimuleerivad pindmist vereinget, muutes huuled t\u00e4idlasemaks. Huulel\u00e4ige on rikastatud avokaado-, makadaamia-, kanepi- ja kastoor\u00f5liga, mis pehmendavad, niisutavad ja toidavad huuli. Koostises sisalduv h\u00fcaluroonhape, ingveriekstrakt ja vitamiinid aitavad r\u00f5hutada huulte loomulikku v\u00e4rvi. Huulel\u00e4ikel on meeldiv \u0161okolaadil\u00f5hn, mis p\u00fcsib kaua p\u00e4rast pealekandmist. Pane t\u00e4hele,<\/p>\n","protected":false},"featured_media":13336,"comment_status":"closed","ping_status":"open","template":"","meta":{"_acf_changed":false},"product_brand":[187],"product_cat":[188,311],"product_tag":[],"class_list":{"0":"post-13335","1":"product","2":"type-product","3":"status-publish","4":"has-post-thumbnail","6":"product_brand-eveline-cosmetics","7":"product_cat-naohooldus","8":"product_cat-dekoratiivkosmeetika","9":"pa_kogus-45-ml","10":"pa_koostis-polybutene-pentaerythrityl-tetraisostearate-paraffinum-liquidum-diisostearyl-malate-isocetyl-stearoyl-stearate-glyceryl-behenate-vp-hexadecene-copolymer-caprylic-capric-triglyceride-glyceryl","11":"pa_paritolumaa-poola","12":"pa_uhik-ml","14":"first","15":"instock","16":"purchasable","17":"product-type-simple"},"acf":[],"_links":{"self":[{"href":"https:\/\/ursus.ee\/en\/wp-json\/wp\/v2\/product\/13335","targetHints":{"allow":["GET"]}}],"collection":[{"href":"https:\/\/ursus.ee\/en\/wp-json\/wp\/v2\/product"}],"about":[{"href":"https:\/\/ursus.ee\/en\/wp-json\/wp\/v2\/types\/product"}],"replies":[{"embeddable":true,"href":"https:\/\/ursus.ee\/en\/wp-json\/wp\/v2\/comments?post=13335"}],"wp:featuredmedia":[{"embeddable":true,"href":"https:\/\/ursus.ee\/en\/wp-json\/wp\/v2\/media\/13336"}],"wp:attachment":[{"href":"https:\/\/ursus.ee\/en\/wp-json\/wp\/v2\/media?parent=13335"}],"wp:term":[{"taxonomy":"product_brand","embeddable":true,"href":"https:\/\/ursus.ee\/en\/wp-json\/wp\/v2\/product_brand?post=13335"},{"taxonomy":"product_cat","embeddable":true,"href":"https:\/\/ursus.ee\/en\/wp-json\/wp\/v2\/product_cat?post=13335"},{"taxonomy":"product_tag","embeddable":true,"href":"https:\/\/ursus.ee\/en\/wp-json\/wp\/v2\/product_tag?post=13335"}],"curies":[{"name":"wp","href":"https:\/\/api.w.org\/{rel}","templated":true}]}}