{"id":13331,"date":"2025-12-16T19:10:14","date_gmt":"2025-12-16T17:10:14","guid":{"rendered":"https:\/\/ursus.ee\/toode\/ohmylips-huuleseerum-bee-venom\/"},"modified":"2026-03-27T16:21:37","modified_gmt":"2026-03-27T14:21:37","slug":"ohmylips-huuleseerum-bee-venom","status":"publish","type":"product","link":"https:\/\/ursus.ee\/en\/toode\/ohmylips-huuleseerum-bee-venom\/","title":{"rendered":"Oh!MyLips Huuleseerum Bee Venom"},"content":{"rendered":"<p>Mesilase m\u00fcrgiga huulel\u00e4ige, mis stimuleerib pindmist vereringet, muutes huuled t\u00e4idlasemaks.Juba 5 minuti m\u00f6\u00f6dudes on huuled m\u00e4rgatavalt lopsakamad. Koostis sisaldab rikkalikku \u00f5lide kompleksi: avokaado\u00f5li, makadaamia\u00f5li, kastoor\u00f5li ja vitamiinid ning ingveriekstrakt toidavad, pehmendavad huuli ja r\u00f5hutavad nende loomulikku v\u00e4rvi.<\/p>\n","protected":false},"excerpt":{"rendered":"<p>Mesilase m\u00fcrgiga huulel\u00e4ige, mis stimuleerib pindmist vereringet, muutes huuled t\u00e4idlasemaks.Juba 5 minuti m\u00f6\u00f6dudes on huuled m\u00e4rgatavalt lopsakamad. Koostis sisaldab rikkalikku \u00f5lide kompleksi: avokaado\u00f5li, makadaamia\u00f5li, kastoor\u00f5li ja vitamiinid ning ingveriekstrakt toidavad, pehmendavad huuli ja r\u00f5hutavad nende loomulikku v\u00e4rvi.<\/p>\n","protected":false},"featured_media":13332,"comment_status":"closed","ping_status":"open","template":"","meta":{"_acf_changed":false},"product_brand":[187],"product_cat":[188,311],"product_tag":[],"class_list":{"0":"post-13331","1":"product","2":"type-product","3":"status-publish","4":"has-post-thumbnail","6":"product_brand-eveline-cosmetics","7":"product_cat-naohooldus","8":"product_cat-dekoratiivkosmeetika","9":"pa_kogus-45-ml","10":"pa_paritolumaa-poola","11":"pa_uhik-ml","13":"first","14":"instock","15":"purchasable","16":"product-type-simple"},"acf":[],"_links":{"self":[{"href":"https:\/\/ursus.ee\/en\/wp-json\/wp\/v2\/product\/13331","targetHints":{"allow":["GET"]}}],"collection":[{"href":"https:\/\/ursus.ee\/en\/wp-json\/wp\/v2\/product"}],"about":[{"href":"https:\/\/ursus.ee\/en\/wp-json\/wp\/v2\/types\/product"}],"replies":[{"embeddable":true,"href":"https:\/\/ursus.ee\/en\/wp-json\/wp\/v2\/comments?post=13331"}],"wp:featuredmedia":[{"embeddable":true,"href":"https:\/\/ursus.ee\/en\/wp-json\/wp\/v2\/media\/13332"}],"wp:attachment":[{"href":"https:\/\/ursus.ee\/en\/wp-json\/wp\/v2\/media?parent=13331"}],"wp:term":[{"taxonomy":"product_brand","embeddable":true,"href":"https:\/\/ursus.ee\/en\/wp-json\/wp\/v2\/product_brand?post=13331"},{"taxonomy":"product_cat","embeddable":true,"href":"https:\/\/ursus.ee\/en\/wp-json\/wp\/v2\/product_cat?post=13331"},{"taxonomy":"product_tag","embeddable":true,"href":"https:\/\/ursus.ee\/en\/wp-json\/wp\/v2\/product_tag?post=13331"}],"curies":[{"name":"wp","href":"https:\/\/api.w.org\/{rel}","templated":true}]}}