{"id":13327,"date":"2025-12-16T19:10:14","date_gmt":"2025-12-16T17:10:14","guid":{"rendered":"https:\/\/ursus.ee\/toode\/huulepalsam-toitev-ja-taastav-huulepalsam-spf10-sos-kookos\/"},"modified":"2026-03-27T16:21:35","modified_gmt":"2026-03-27T14:21:35","slug":"huulepalsam-toitev-ja-taastav-huulepalsam-spf10-sos-kookos","status":"publish","type":"product","link":"https:\/\/ursus.ee\/en\/toode\/huulepalsam-toitev-ja-taastav-huulepalsam-spf10-sos-kookos\/","title":{"rendered":"Huulepalsam toitev ja taastav huulepalsam SPF10 SOS kookos"},"content":{"rendered":"<p>Ideaalne valik teadlikule tarbijale, kes soovivad oma huuli taaselustada ja toita. Huulepalsam on t\u00f5eline p\u00e4\u00e4stja kuivadele ja l\u00f5henenud huultele. Uuenduslik valem on rikkalike ja t\u00f5husate toimeainetega, niisutab intensiivselt, taastab ja pehmendab huulte nahka. E- ja C-vitamiini ning kakaov\u00f5i kaitsevad huuli l\u00f5henemise eest. Meeldiv kookosel\u00f5hn muudab huulepulga kasutamise t\u00f5eliseks naudinguks. Pehm tekstuur levib huultel suurep\u00e4raselt, pakkudes intensiivset niisutust.<\/p>\n","protected":false},"excerpt":{"rendered":"<p>Ideaalne valik teadlikule tarbijale, kes soovivad oma huuli taaselustada ja toita. Huulepalsam on t\u00f5eline p\u00e4\u00e4stja kuivadele ja l\u00f5henenud huultele. Uuenduslik valem on rikkalike ja t\u00f5husate toimeainetega, niisutab intensiivselt, taastab ja pehmendab huulte nahka. E- ja C-vitamiini ning kakaov\u00f5i kaitsevad huuli l\u00f5henemise eest. Meeldiv kookosel\u00f5hn muudab huulepulga kasutamise t\u00f5eliseks naudinguks. Pehm tekstuur levib huultel suurep\u00e4raselt, pakkudes<\/p>\n","protected":false},"featured_media":13328,"comment_status":"closed","ping_status":"open","template":"","meta":{"_acf_changed":false},"product_brand":[187],"product_cat":[188,311],"product_tag":[],"class_list":{"0":"post-13327","1":"product","2":"type-product","3":"status-publish","4":"has-post-thumbnail","6":"product_brand-eveline-cosmetics","7":"product_cat-naohooldus","8":"product_cat-dekoratiivkosmeetika","9":"pa_kogus-45-ml","10":"pa_koostis-vaseliini-lanoliin-theobroma-kakaoseemnevoi-parafiin-etuulheksuulmetoksutsinnamaat-tsetuulestrid-copernicia-cerifera-cera-cera-microcristallina-osokeriit-hudrogeenitud-taimeoli-di","11":"pa_paritolumaa-poola","12":"pa_uhik-ml","14":"first","15":"instock","16":"purchasable","17":"product-type-simple"},"acf":[],"_links":{"self":[{"href":"https:\/\/ursus.ee\/en\/wp-json\/wp\/v2\/product\/13327","targetHints":{"allow":["GET"]}}],"collection":[{"href":"https:\/\/ursus.ee\/en\/wp-json\/wp\/v2\/product"}],"about":[{"href":"https:\/\/ursus.ee\/en\/wp-json\/wp\/v2\/types\/product"}],"replies":[{"embeddable":true,"href":"https:\/\/ursus.ee\/en\/wp-json\/wp\/v2\/comments?post=13327"}],"wp:featuredmedia":[{"embeddable":true,"href":"https:\/\/ursus.ee\/en\/wp-json\/wp\/v2\/media\/13328"}],"wp:attachment":[{"href":"https:\/\/ursus.ee\/en\/wp-json\/wp\/v2\/media?parent=13327"}],"wp:term":[{"taxonomy":"product_brand","embeddable":true,"href":"https:\/\/ursus.ee\/en\/wp-json\/wp\/v2\/product_brand?post=13327"},{"taxonomy":"product_cat","embeddable":true,"href":"https:\/\/ursus.ee\/en\/wp-json\/wp\/v2\/product_cat?post=13327"},{"taxonomy":"product_tag","embeddable":true,"href":"https:\/\/ursus.ee\/en\/wp-json\/wp\/v2\/product_tag?post=13327"}],"curies":[{"name":"wp","href":"https:\/\/api.w.org\/{rel}","templated":true}]}}